{"id":505,"date":"2025-10-16T12:26:41","date_gmt":"2025-10-16T12:26:41","guid":{"rendered":"https:\/\/fornsantjordi.cat\/pastisseria-artesanal-al-forn-sant-jordi\/"},"modified":"2025-10-23T10:07:07","modified_gmt":"2025-10-23T10:07:07","slug":"pasteleria-artesanal","status":"publish","type":"page","link":"https:\/\/fornsantjordi.cat\/es\/pasteleria-artesanal\/","title":{"rendered":"Pasteler\u00eda artesanal"},"content":{"rendered":"\t\t<div data-elementor-type=\"wp-page\" data-elementor-id=\"505\" class=\"elementor elementor-505 elementor-391\" data-elementor-post-type=\"page\">\n\t\t\t\t<div class=\"elementor-element elementor-element-553b94b e-con-full e-flex e-con e-parent\" data-id=\"553b94b\" data-element_type=\"container\" data-settings=\"{&quot;background_background&quot;:&quot;classic&quot;}\">\n\t\t<div class=\"elementor-element elementor-element-3d2f799 e-flex e-con-boxed e-con e-child\" data-id=\"3d2f799\" data-element_type=\"container\">\n\t\t\t\t\t<div class=\"e-con-inner\">\n\t\t\t\t<div class=\"elementor-element elementor-element-5bf4ac6 elementor-widget__width-initial animated-slow elementor-invisible elementor-widget elementor-widget-heading\" data-id=\"5bf4ac6\" data-element_type=\"widget\" data-settings=\"{&quot;_animation&quot;:&quot;fadeIn&quot;}\" data-widget_type=\"heading.default\">\n\t\t\t\t<div class=\"elementor-widget-container\">\n\t\t\t\t\t<h1 class=\"elementor-heading-title elementor-size-default\">Pasteler\u00eda artesanal<\/h1>\t\t\t\t<\/div>\n\t\t\t\t<\/div>\n\t\t\t\t\t<\/div>\n\t\t\t\t<\/div>\n\t\t\t\t<\/div>\n\t\t<div class=\"elementor-element elementor-element-cb782b8 e-flex e-con-boxed e-con e-parent\" data-id=\"cb782b8\" data-element_type=\"container\">\n\t\t\t\t\t<div class=\"e-con-inner\">\n\t\t<div class=\"elementor-element elementor-element-2d17bd6 e-con-full e-flex e-con e-child\" data-id=\"2d17bd6\" data-element_type=\"container\">\n\t\t<div class=\"elementor-element elementor-element-45dc7f4 e-con-full e-flex e-con e-child\" data-id=\"45dc7f4\" data-element_type=\"container\">\n\t\t\t\t<div class=\"elementor-element elementor-element-99f409e elementor-widget elementor-widget-heading\" data-id=\"99f409e\" data-element_type=\"widget\" data-widget_type=\"heading.default\">\n\t\t\t\t<div class=\"elementor-widget-container\">\n\t\t\t\t\t<h4 class=\"elementor-heading-title elementor-size-default\">Descubre nuestros dulces tradicionales y creaciones \u00fanicas, hechos a mano para cada ocasi\u00f3n especial.\n<\/h4>\t\t\t\t<\/div>\n\t\t\t\t<\/div>\n\t\t\t\t<div class=\"elementor-element elementor-element-7706d95 elementor-widget elementor-widget-text-editor\" data-id=\"7706d95\" data-element_type=\"widget\" data-widget_type=\"text-editor.default\">\n\t\t\t\t<div class=\"elementor-widget-container\">\n\t\t\t\t\t\t\t\t\tEn Forn Sant Jordi, nos especializamos en pasteler\u00eda artesanal elaborada con ingredientes frescos y de calidad. Ofrecemos una amplia variedad de dulces, desde pasteles tradicionales hasta creaciones personalizadas para cumplea\u00f1os, celebraciones o cualquier ocasi\u00f3n especial. Cada pieza se crea con dedicaci\u00f3n, fusionando tradici\u00f3n e innovaci\u00f3n para garantizar el mejor sabor y presentaci\u00f3n. Visita nuestra tienda en Barcelona o cont\u00e1ctanos para hacer tu pedido especial y disfrutar de un servicio personalizado.\n\t\t\t\t\t\t\t\t<\/div>\n\t\t\t\t<\/div>\n\t\t\t\t<div class=\"elementor-element elementor-element-2d2937c animated-slow elementor-invisible elementor-widget elementor-widget-button\" data-id=\"2d2937c\" data-element_type=\"widget\" data-settings=\"{&quot;_animation&quot;:&quot;fadeIn&quot;,&quot;_animation_delay&quot;:500}\" data-widget_type=\"button.default\">\n\t\t\t\t<div class=\"elementor-widget-container\">\n\t\t\t\t\t\t\t\t\t<div class=\"elementor-button-wrapper\">\n\t\t\t\t\t<a class=\"elementor-button elementor-button-link elementor-size-sm\" href=\"\/contacte\">\n\t\t\t\t\t\t<span class=\"elementor-button-content-wrapper\">\n\t\t\t\t\t\t\t\t\t<span class=\"elementor-button-text\">Contactar<\/span>\n\t\t\t\t\t<\/span>\n\t\t\t\t\t<\/a>\n\t\t\t\t<\/div>\n\t\t\t\t\t\t\t\t<\/div>\n\t\t\t\t<\/div>\n\t\t\t\t<\/div>\n\t\t<div class=\"elementor-element elementor-element-5841892 e-con-full e-flex e-con e-child\" data-id=\"5841892\" data-element_type=\"container\" data-settings=\"{&quot;background_background&quot;:&quot;slideshow&quot;,&quot;background_slideshow_gallery&quot;:[{&quot;id&quot;:251,&quot;url&quot;:&quot;https:\\\/\\\/fornsantjordi.cat\\\/wp-content\\\/uploads\\\/2025\\\/10\\\/pastisseria-01.jpg&quot;},{&quot;id&quot;:252,&quot;url&quot;:&quot;https:\\\/\\\/fornsantjordi.cat\\\/wp-content\\\/uploads\\\/2025\\\/10\\\/pastisseria-02.jpg&quot;},{&quot;id&quot;:253,&quot;url&quot;:&quot;https:\\\/\\\/fornsantjordi.cat\\\/wp-content\\\/uploads\\\/2025\\\/10\\\/pastisseria-03.jpg&quot;},{&quot;id&quot;:254,&quot;url&quot;:&quot;https:\\\/\\\/fornsantjordi.cat\\\/wp-content\\\/uploads\\\/2025\\\/10\\\/pastisseria-04.jpg&quot;},{&quot;id&quot;:255,&quot;url&quot;:&quot;https:\\\/\\\/fornsantjordi.cat\\\/wp-content\\\/uploads\\\/2025\\\/10\\\/pastisseria-05.jpg&quot;},{&quot;id&quot;:256,&quot;url&quot;:&quot;https:\\\/\\\/fornsantjordi.cat\\\/wp-content\\\/uploads\\\/2025\\\/10\\\/pastisseria-06.jpg&quot;},{&quot;id&quot;:257,&quot;url&quot;:&quot;https:\\\/\\\/fornsantjordi.cat\\\/wp-content\\\/uploads\\\/2025\\\/10\\\/pastisseria-07.jpg&quot;},{&quot;id&quot;:258,&quot;url&quot;:&quot;https:\\\/\\\/fornsantjordi.cat\\\/wp-content\\\/uploads\\\/2025\\\/10\\\/pastisseria-08.jpg&quot;},{&quot;id&quot;:259,&quot;url&quot;:&quot;https:\\\/\\\/fornsantjordi.cat\\\/wp-content\\\/uploads\\\/2025\\\/10\\\/pastisseria-09.jpg&quot;},{&quot;id&quot;:260,&quot;url&quot;:&quot;https:\\\/\\\/fornsantjordi.cat\\\/wp-content\\\/uploads\\\/2025\\\/10\\\/pastisseria-11.jpg&quot;},{&quot;id&quot;:261,&quot;url&quot;:&quot;https:\\\/\\\/fornsantjordi.cat\\\/wp-content\\\/uploads\\\/2025\\\/10\\\/pastisseria-12.jpg&quot;},{&quot;id&quot;:262,&quot;url&quot;:&quot;https:\\\/\\\/fornsantjordi.cat\\\/wp-content\\\/uploads\\\/2025\\\/10\\\/pastisseria-15.jpg&quot;},{&quot;id&quot;:265,&quot;url&quot;:&quot;https:\\\/\\\/fornsantjordi.cat\\\/wp-content\\\/uploads\\\/2025\\\/10\\\/pastisseria-21.jpg&quot;},{&quot;id&quot;:263,&quot;url&quot;:&quot;https:\\\/\\\/fornsantjordi.cat\\\/wp-content\\\/uploads\\\/2025\\\/10\\\/pastisseria-20.jpg&quot;},{&quot;id&quot;:266,&quot;url&quot;:&quot;https:\\\/\\\/fornsantjordi.cat\\\/wp-content\\\/uploads\\\/2025\\\/10\\\/pastisseria-22.jpg&quot;},{&quot;id&quot;:267,&quot;url&quot;:&quot;https:\\\/\\\/fornsantjordi.cat\\\/wp-content\\\/uploads\\\/2025\\\/10\\\/pastisseria-23.jpg&quot;},{&quot;id&quot;:268,&quot;url&quot;:&quot;https:\\\/\\\/fornsantjordi.cat\\\/wp-content\\\/uploads\\\/2025\\\/10\\\/pastisseria-24.jpg&quot;},{&quot;id&quot;:269,&quot;url&quot;:&quot;https:\\\/\\\/fornsantjordi.cat\\\/wp-content\\\/uploads\\\/2025\\\/10\\\/pastisseria-25.jpg&quot;},{&quot;id&quot;:270,&quot;url&quot;:&quot;https:\\\/\\\/fornsantjordi.cat\\\/wp-content\\\/uploads\\\/2025\\\/10\\\/pastisseria-26.jpg&quot;},{&quot;id&quot;:271,&quot;url&quot;:&quot;https:\\\/\\\/fornsantjordi.cat\\\/wp-content\\\/uploads\\\/2025\\\/10\\\/pastisseria-27.jpg&quot;},{&quot;id&quot;:272,&quot;url&quot;:&quot;https:\\\/\\\/fornsantjordi.cat\\\/wp-content\\\/uploads\\\/2025\\\/10\\\/pastisseria-28.jpg&quot;},{&quot;id&quot;:273,&quot;url&quot;:&quot;https:\\\/\\\/fornsantjordi.cat\\\/wp-content\\\/uploads\\\/2025\\\/10\\\/pastisseria-29.jpg&quot;},{&quot;id&quot;:274,&quot;url&quot;:&quot;https:\\\/\\\/fornsantjordi.cat\\\/wp-content\\\/uploads\\\/2025\\\/10\\\/pastisseria-30.jpg&quot;},{&quot;id&quot;:275,&quot;url&quot;:&quot;https:\\\/\\\/fornsantjordi.cat\\\/wp-content\\\/uploads\\\/2025\\\/10\\\/pastisseria-31.jpg&quot;},{&quot;id&quot;:276,&quot;url&quot;:&quot;https:\\\/\\\/fornsantjordi.cat\\\/wp-content\\\/uploads\\\/2025\\\/10\\\/pastisseria-32.jpg&quot;},{&quot;id&quot;:277,&quot;url&quot;:&quot;https:\\\/\\\/fornsantjordi.cat\\\/wp-content\\\/uploads\\\/2025\\\/10\\\/pastisseria-33.jpg&quot;}],&quot;background_slideshow_loop&quot;:&quot;yes&quot;,&quot;background_slideshow_slide_duration&quot;:5000,&quot;background_slideshow_slide_transition&quot;:&quot;fade&quot;,&quot;background_slideshow_transition_duration&quot;:500}\">\n\t\t\t\t<\/div>\n\t\t\t\t<\/div>\n\t\t\t\t\t<\/div>\n\t\t\t\t<\/div>\n\t\t\t\t<\/div>\n\t\t","protected":false},"excerpt":{"rendered":"<p>Pasteler\u00eda artesanal Descubre nuestros dulces tradicionales y creaciones \u00fanicas, hechos a mano para cada ocasi\u00f3n especial. En Forn Sant Jordi, nos especializamos en pasteler\u00eda artesanal elaborada con ingredientes frescos y de calidad. Ofrecemos una amplia variedad de dulces, desde pasteles tradicionales hasta creaciones personalizadas para cumplea\u00f1os, celebraciones o cualquier ocasi\u00f3n especial. Cada pieza se crea [&hellip;]<\/p>\n","protected":false},"author":1,"featured_media":0,"parent":0,"menu_order":0,"comment_status":"closed","ping_status":"closed","template":"","meta":{"site-sidebar-layout":"no-sidebar","site-content-layout":"page-builder","ast-site-content-layout":"full-width-container","site-content-style":"default","site-sidebar-style":"default","ast-global-header-display":"","ast-banner-title-visibility":"","ast-main-header-display":"","ast-hfb-above-header-display":"","ast-hfb-below-header-display":"","ast-hfb-mobile-header-display":"","site-post-title":"disabled","ast-breadcrumbs-content":"","ast-featured-img":"disabled","footer-sml-layout":"","theme-transparent-header-meta":"","adv-header-id-meta":"","stick-header-meta":"","header-above-stick-meta":"","header-main-stick-meta":"","header-below-stick-meta":"","astra-migrate-meta-layouts":"default","ast-page-background-enabled":"default","ast-page-background-meta":{"desktop":{"background-color":"var(--ast-global-color-4)","background-image":"","background-repeat":"repeat","background-position":"center center","background-size":"auto","background-attachment":"scroll","background-type":"","background-media":"","overlay-type":"","overlay-color":"","overlay-opacity":"","overlay-gradient":""},"tablet":{"background-color":"","background-image":"","background-repeat":"repeat","background-position":"center center","background-size":"auto","background-attachment":"scroll","background-type":"","background-media":"","overlay-type":"","overlay-color":"","overlay-opacity":"","overlay-gradient":""},"mobile":{"background-color":"","background-image":"","background-repeat":"repeat","background-position":"center center","background-size":"auto","background-attachment":"scroll","background-type":"","background-media":"","overlay-type":"","overlay-color":"","overlay-opacity":"","overlay-gradient":""}},"ast-content-background-meta":{"desktop":{"background-color":"var(--ast-global-color-5)","background-image":"","background-repeat":"repeat","background-position":"center center","background-size":"auto","background-attachment":"scroll","background-type":"","background-media":"","overlay-type":"","overlay-color":"","overlay-opacity":"","overlay-gradient":""},"tablet":{"background-color":"var(--ast-global-color-5)","background-image":"","background-repeat":"repeat","background-position":"center center","background-size":"auto","background-attachment":"scroll","background-type":"","background-media":"","overlay-type":"","overlay-color":"","overlay-opacity":"","overlay-gradient":""},"mobile":{"background-color":"var(--ast-global-color-5)","background-image":"","background-repeat":"repeat","background-position":"center center","background-size":"auto","background-attachment":"scroll","background-type":"","background-media":"","overlay-type":"","overlay-color":"","overlay-opacity":"","overlay-gradient":""}},"footnotes":""},"class_list":["post-505","page","type-page","status-publish","hentry"],"yoast_head":"<!-- This site is optimized with the Yoast SEO plugin v26.1.1 - https:\/\/yoast.com\/wordpress\/plugins\/seo\/ -->\n<title>Pasteler\u00eda artesanal - Forn i Pastisseria Sant Jordi<\/title>\n<meta name=\"robots\" content=\"index, follow, max-snippet:-1, max-image-preview:large, max-video-preview:-1\" \/>\n<link rel=\"canonical\" href=\"https:\/\/fornsantjordi.cat\/es\/pasteleria-artesanal\/\" \/>\n<meta property=\"og:locale\" content=\"es_ES\" \/>\n<meta property=\"og:type\" content=\"article\" \/>\n<meta property=\"og:title\" content=\"Pasteler\u00eda artesanal - Forn i Pastisseria Sant Jordi\" \/>\n<meta property=\"og:description\" content=\"Pasteler\u00eda artesanal Descubre nuestros dulces tradicionales y creaciones \u00fanicas, hechos a mano para cada ocasi\u00f3n especial. En Forn Sant Jordi, nos especializamos en pasteler\u00eda artesanal elaborada con ingredientes frescos y de calidad. Ofrecemos una amplia variedad de dulces, desde pasteles tradicionales hasta creaciones personalizadas para cumplea\u00f1os, celebraciones o cualquier ocasi\u00f3n especial. Cada pieza se crea [&hellip;]\" \/>\n<meta property=\"og:url\" content=\"https:\/\/fornsantjordi.cat\/es\/pasteleria-artesanal\/\" \/>\n<meta property=\"og:site_name\" content=\"Forn i Pastisseria Sant Jordi\" \/>\n<meta property=\"article:modified_time\" content=\"2025-10-23T10:07:07+00:00\" \/>\n<meta name=\"twitter:card\" content=\"summary_large_image\" \/>\n<meta name=\"twitter:label1\" content=\"Tiempo de lectura\" \/>\n\t<meta name=\"twitter:data1\" content=\"1 minuto\" \/>\n<script type=\"application\/ld+json\" class=\"yoast-schema-graph\">{\"@context\":\"https:\/\/schema.org\",\"@graph\":[{\"@type\":\"WebPage\",\"@id\":\"https:\/\/fornsantjordi.cat\/es\/pasteleria-artesanal\/\",\"url\":\"https:\/\/fornsantjordi.cat\/es\/pasteleria-artesanal\/\",\"name\":\"Pasteler\u00eda artesanal - Forn i Pastisseria Sant Jordi\",\"isPartOf\":{\"@id\":\"https:\/\/fornsantjordi.cat\/#website\"},\"datePublished\":\"2025-10-16T12:26:41+00:00\",\"dateModified\":\"2025-10-23T10:07:07+00:00\",\"breadcrumb\":{\"@id\":\"https:\/\/fornsantjordi.cat\/es\/pasteleria-artesanal\/#breadcrumb\"},\"inLanguage\":\"es\",\"potentialAction\":[{\"@type\":\"ReadAction\",\"target\":[\"https:\/\/fornsantjordi.cat\/es\/pasteleria-artesanal\/\"]}]},{\"@type\":\"BreadcrumbList\",\"@id\":\"https:\/\/fornsantjordi.cat\/es\/pasteleria-artesanal\/#breadcrumb\",\"itemListElement\":[{\"@type\":\"ListItem\",\"position\":1,\"name\":\"Home\",\"item\":\"https:\/\/fornsantjordi.cat\/\"},{\"@type\":\"ListItem\",\"position\":2,\"name\":\"Pasteler\u00eda artesanal\"}]},{\"@type\":\"WebSite\",\"@id\":\"https:\/\/fornsantjordi.cat\/#website\",\"url\":\"https:\/\/fornsantjordi.cat\/\",\"name\":\"Forn i Pastisseria Sant Jordi\",\"description\":\"Forn de pa i pastisseria a Girona\",\"publisher\":{\"@id\":\"https:\/\/fornsantjordi.cat\/#organization\"},\"potentialAction\":[{\"@type\":\"SearchAction\",\"target\":{\"@type\":\"EntryPoint\",\"urlTemplate\":\"https:\/\/fornsantjordi.cat\/?s={search_term_string}\"},\"query-input\":{\"@type\":\"PropertyValueSpecification\",\"valueRequired\":true,\"valueName\":\"search_term_string\"}}],\"inLanguage\":\"es\"},{\"@type\":\"Organization\",\"@id\":\"https:\/\/fornsantjordi.cat\/#organization\",\"name\":\"Forn i Pastisseria Sant Jordi\",\"url\":\"https:\/\/fornsantjordi.cat\/\",\"logo\":{\"@type\":\"ImageObject\",\"inLanguage\":\"es\",\"@id\":\"https:\/\/fornsantjordi.cat\/#\/schema\/logo\/image\/\",\"url\":\"https:\/\/fornsantjordi.cat\/wp-content\/uploads\/2025\/10\/logo.png\",\"contentUrl\":\"https:\/\/fornsantjordi.cat\/wp-content\/uploads\/2025\/10\/logo.png\",\"width\":462,\"height\":185,\"caption\":\"Forn i Pastisseria Sant Jordi\"},\"image\":{\"@id\":\"https:\/\/fornsantjordi.cat\/#\/schema\/logo\/image\/\"}}]}<\/script>\n<!-- \/ Yoast SEO plugin. -->","yoast_head_json":{"title":"Pasteler\u00eda artesanal - Forn i Pastisseria Sant Jordi","robots":{"index":"index","follow":"follow","max-snippet":"max-snippet:-1","max-image-preview":"max-image-preview:large","max-video-preview":"max-video-preview:-1"},"canonical":"https:\/\/fornsantjordi.cat\/es\/pasteleria-artesanal\/","og_locale":"es_ES","og_type":"article","og_title":"Pasteler\u00eda artesanal - Forn i Pastisseria Sant Jordi","og_description":"Pasteler\u00eda artesanal Descubre nuestros dulces tradicionales y creaciones \u00fanicas, hechos a mano para cada ocasi\u00f3n especial. En Forn Sant Jordi, nos especializamos en pasteler\u00eda artesanal elaborada con ingredientes frescos y de calidad. Ofrecemos una amplia variedad de dulces, desde pasteles tradicionales hasta creaciones personalizadas para cumplea\u00f1os, celebraciones o cualquier ocasi\u00f3n especial. Cada pieza se crea [&hellip;]","og_url":"https:\/\/fornsantjordi.cat\/es\/pasteleria-artesanal\/","og_site_name":"Forn i Pastisseria Sant Jordi","article_modified_time":"2025-10-23T10:07:07+00:00","twitter_card":"summary_large_image","twitter_misc":{"Tiempo de lectura":"1 minuto"},"schema":{"@context":"https:\/\/schema.org","@graph":[{"@type":"WebPage","@id":"https:\/\/fornsantjordi.cat\/es\/pasteleria-artesanal\/","url":"https:\/\/fornsantjordi.cat\/es\/pasteleria-artesanal\/","name":"Pasteler\u00eda artesanal - Forn i Pastisseria Sant Jordi","isPartOf":{"@id":"https:\/\/fornsantjordi.cat\/#website"},"datePublished":"2025-10-16T12:26:41+00:00","dateModified":"2025-10-23T10:07:07+00:00","breadcrumb":{"@id":"https:\/\/fornsantjordi.cat\/es\/pasteleria-artesanal\/#breadcrumb"},"inLanguage":"es","potentialAction":[{"@type":"ReadAction","target":["https:\/\/fornsantjordi.cat\/es\/pasteleria-artesanal\/"]}]},{"@type":"BreadcrumbList","@id":"https:\/\/fornsantjordi.cat\/es\/pasteleria-artesanal\/#breadcrumb","itemListElement":[{"@type":"ListItem","position":1,"name":"Home","item":"https:\/\/fornsantjordi.cat\/"},{"@type":"ListItem","position":2,"name":"Pasteler\u00eda artesanal"}]},{"@type":"WebSite","@id":"https:\/\/fornsantjordi.cat\/#website","url":"https:\/\/fornsantjordi.cat\/","name":"Forn i Pastisseria Sant Jordi","description":"Forn de pa i pastisseria a Girona","publisher":{"@id":"https:\/\/fornsantjordi.cat\/#organization"},"potentialAction":[{"@type":"SearchAction","target":{"@type":"EntryPoint","urlTemplate":"https:\/\/fornsantjordi.cat\/?s={search_term_string}"},"query-input":{"@type":"PropertyValueSpecification","valueRequired":true,"valueName":"search_term_string"}}],"inLanguage":"es"},{"@type":"Organization","@id":"https:\/\/fornsantjordi.cat\/#organization","name":"Forn i Pastisseria Sant Jordi","url":"https:\/\/fornsantjordi.cat\/","logo":{"@type":"ImageObject","inLanguage":"es","@id":"https:\/\/fornsantjordi.cat\/#\/schema\/logo\/image\/","url":"https:\/\/fornsantjordi.cat\/wp-content\/uploads\/2025\/10\/logo.png","contentUrl":"https:\/\/fornsantjordi.cat\/wp-content\/uploads\/2025\/10\/logo.png","width":462,"height":185,"caption":"Forn i Pastisseria Sant Jordi"},"image":{"@id":"https:\/\/fornsantjordi.cat\/#\/schema\/logo\/image\/"}}]}},"_links":{"self":[{"href":"https:\/\/fornsantjordi.cat\/es\/wp-json\/wp\/v2\/pages\/505","targetHints":{"allow":["GET"]}}],"collection":[{"href":"https:\/\/fornsantjordi.cat\/es\/wp-json\/wp\/v2\/pages"}],"about":[{"href":"https:\/\/fornsantjordi.cat\/es\/wp-json\/wp\/v2\/types\/page"}],"author":[{"embeddable":true,"href":"https:\/\/fornsantjordi.cat\/es\/wp-json\/wp\/v2\/users\/1"}],"replies":[{"embeddable":true,"href":"https:\/\/fornsantjordi.cat\/es\/wp-json\/wp\/v2\/comments?post=505"}],"version-history":[{"count":4,"href":"https:\/\/fornsantjordi.cat\/es\/wp-json\/wp\/v2\/pages\/505\/revisions"}],"predecessor-version":[{"id":594,"href":"https:\/\/fornsantjordi.cat\/es\/wp-json\/wp\/v2\/pages\/505\/revisions\/594"}],"wp:attachment":[{"href":"https:\/\/fornsantjordi.cat\/es\/wp-json\/wp\/v2\/media?parent=505"}],"curies":[{"name":"wp","href":"https:\/\/api.w.org\/{rel}","templated":true}]}}