{"id":503,"date":"2025-10-15T16:01:34","date_gmt":"2025-10-15T16:01:34","guid":{"rendered":"https:\/\/fornsantjordi.cat\/pans-artesans\/"},"modified":"2025-11-11T11:22:52","modified_gmt":"2025-11-11T11:22:52","slug":"pans-artesans","status":"publish","type":"page","link":"https:\/\/fornsantjordi.cat\/es\/pans-artesans\/","title":{"rendered":"Pans artesans"},"content":{"rendered":"\t\t<div data-elementor-type=\"wp-page\" data-elementor-id=\"503\" class=\"elementor elementor-503 elementor-373\" data-elementor-post-type=\"page\">\n\t\t\t\t<div class=\"elementor-element elementor-element-5e6fe42 e-con-full e-flex e-con e-parent\" data-id=\"5e6fe42\" data-element_type=\"container\" data-settings=\"{&quot;background_background&quot;:&quot;classic&quot;}\">\n\t\t<div class=\"elementor-element elementor-element-5ee8a14 e-flex e-con-boxed e-con e-child\" data-id=\"5ee8a14\" data-element_type=\"container\">\n\t\t\t\t\t<div class=\"e-con-inner\">\n\t\t\t\t<div class=\"elementor-element elementor-element-61afbc1 elementor-widget__width-initial animated-slow elementor-invisible elementor-widget elementor-widget-heading\" data-id=\"61afbc1\" data-element_type=\"widget\" data-settings=\"{&quot;_animation&quot;:&quot;fadeIn&quot;}\" data-widget_type=\"heading.default\">\n\t\t\t\t<div class=\"elementor-widget-container\">\n\t\t\t\t\t<h1 class=\"elementor-heading-title elementor-size-default\">Pans artesanals fets amb ingredients naturals<\/h1>\t\t\t\t<\/div>\n\t\t\t\t<\/div>\n\t\t\t\t\t<\/div>\n\t\t\t\t<\/div>\n\t\t\t\t<\/div>\n\t\t<div class=\"elementor-element elementor-element-9782f92 e-flex e-con-boxed e-con e-parent\" data-id=\"9782f92\" data-element_type=\"container\">\n\t\t\t\t\t<div class=\"e-con-inner\">\n\t\t<div class=\"elementor-element elementor-element-063c0d8 e-con-full e-flex e-con e-child\" data-id=\"063c0d8\" data-element_type=\"container\">\n\t\t<div class=\"elementor-element elementor-element-b19f091 e-con-full e-flex e-con e-child\" data-id=\"b19f091\" data-element_type=\"container\">\n\t\t\t\t<div class=\"elementor-element elementor-element-703edf7 elementor-widget elementor-widget-heading\" data-id=\"703edf7\" data-element_type=\"widget\" data-widget_type=\"heading.default\">\n\t\t\t\t<div class=\"elementor-widget-container\">\n\t\t\t\t\t<h4 class=\"elementor-heading-title elementor-size-default\">Descobreix el sabor aut\u00e8ntic del pa fet a m\u00e0, amb fermentaci\u00f3 lenta i sense additius per a una qualitat inigualable.\n<\/h4>\t\t\t\t<\/div>\n\t\t\t\t<\/div>\n\t\t\t\t<div class=\"elementor-element elementor-element-65cde38 elementor-widget elementor-widget-text-editor\" data-id=\"65cde38\" data-element_type=\"widget\" data-widget_type=\"text-editor.default\">\n\t\t\t\t<div class=\"elementor-widget-container\">\n\t\t\t\t\t\t\t\t\tA Forn Sant Jordi, cada pa es crea seguint processos artesanals i amb ingredients naturals. Des de pa de pag\u00e8s i pa integral fins a pans especials com pa de llavors o multicereals, oferim una selecci\u00f3 fresca i deliciosa que s&#8217;adapta a tots els gustos i dietes. Vine a descobrir el sabor aut\u00e8ntic del pa fet a m\u00e0, amb fermentacions lentes i sense additius, per garantir una qualitat i sabor incomparables. Visita&#8217;ns a la nostra botiga i troba el pa perfecte per a cada \u00e0pat.\t\t\t\t\t\t\t\t<\/div>\n\t\t\t\t<\/div>\n\t\t\t\t<div class=\"elementor-element elementor-element-2a4a3e7 animated-slow elementor-invisible elementor-widget elementor-widget-button\" data-id=\"2a4a3e7\" data-element_type=\"widget\" data-settings=\"{&quot;_animation&quot;:&quot;fadeIn&quot;,&quot;_animation_delay&quot;:500}\" data-widget_type=\"button.default\">\n\t\t\t\t<div class=\"elementor-widget-container\">\n\t\t\t\t\t\t\t\t\t<div class=\"elementor-button-wrapper\">\n\t\t\t\t\t<a class=\"elementor-button elementor-button-link elementor-size-sm\" href=\"https:\/\/fornsantjordi.cat\/es\/contacto\/\">\n\t\t\t\t\t\t<span class=\"elementor-button-content-wrapper\">\n\t\t\t\t\t\t\t\t\t<span class=\"elementor-button-text\">Contactar<\/span>\n\t\t\t\t\t<\/span>\n\t\t\t\t\t<\/a>\n\t\t\t\t<\/div>\n\t\t\t\t\t\t\t\t<\/div>\n\t\t\t\t<\/div>\n\t\t\t\t<\/div>\n\t\t<div class=\"elementor-element elementor-element-f012f61 e-con-full e-flex e-con e-child\" data-id=\"f012f61\" data-element_type=\"container\" data-settings=\"{&quot;background_background&quot;:&quot;slideshow&quot;,&quot;background_slideshow_gallery&quot;:[{&quot;id&quot;:686,&quot;url&quot;:&quot;https:\\\/\\\/fornsantjordi.cat\\\/wp-content\\\/uploads\\\/2025\\\/10\\\/pans-01.jpg&quot;},{&quot;id&quot;:687,&quot;url&quot;:&quot;https:\\\/\\\/fornsantjordi.cat\\\/wp-content\\\/uploads\\\/2025\\\/10\\\/pans-02.jpg&quot;},{&quot;id&quot;:688,&quot;url&quot;:&quot;https:\\\/\\\/fornsantjordi.cat\\\/wp-content\\\/uploads\\\/2025\\\/10\\\/pans-03.jpg&quot;},{&quot;id&quot;:689,&quot;url&quot;:&quot;https:\\\/\\\/fornsantjordi.cat\\\/wp-content\\\/uploads\\\/2025\\\/10\\\/pans-04.jpg&quot;},{&quot;id&quot;:690,&quot;url&quot;:&quot;https:\\\/\\\/fornsantjordi.cat\\\/wp-content\\\/uploads\\\/2025\\\/10\\\/pans-05.jpg&quot;},{&quot;id&quot;:691,&quot;url&quot;:&quot;https:\\\/\\\/fornsantjordi.cat\\\/wp-content\\\/uploads\\\/2025\\\/10\\\/pans-06.jpg&quot;}],&quot;background_slideshow_loop&quot;:&quot;yes&quot;,&quot;background_slideshow_slide_duration&quot;:5000,&quot;background_slideshow_slide_transition&quot;:&quot;fade&quot;,&quot;background_slideshow_transition_duration&quot;:500}\">\n\t\t\t\t<\/div>\n\t\t\t\t<\/div>\n\t\t\t\t\t<\/div>\n\t\t\t\t<\/div>\n\t\t\t\t<\/div>\n\t\t","protected":false},"excerpt":{"rendered":"<p>Pans artesanals fets amb ingredients naturals Descobreix el sabor aut\u00e8ntic del pa fet a m\u00e0, amb fermentaci\u00f3 lenta i sense additius per a una qualitat inigualable. A Forn Sant Jordi, cada pa es crea seguint processos artesanals i amb ingredients naturals. Des de pa de pag\u00e8s i pa integral fins a pans especials com pa [&hellip;]<\/p>\n","protected":false},"author":1,"featured_media":0,"parent":0,"menu_order":0,"comment_status":"closed","ping_status":"closed","template":"","meta":{"site-sidebar-layout":"no-sidebar","site-content-layout":"page-builder","ast-site-content-layout":"full-width-container","site-content-style":"default","site-sidebar-style":"default","ast-global-header-display":"","ast-banner-title-visibility":"","ast-main-header-display":"","ast-hfb-above-header-display":"","ast-hfb-below-header-display":"","ast-hfb-mobile-header-display":"","site-post-title":"disabled","ast-breadcrumbs-content":"","ast-featured-img":"disabled","footer-sml-layout":"","theme-transparent-header-meta":"","adv-header-id-meta":"","stick-header-meta":"","header-above-stick-meta":"","header-main-stick-meta":"","header-below-stick-meta":"","astra-migrate-meta-layouts":"default","ast-page-background-enabled":"default","ast-page-background-meta":{"desktop":{"background-color":"var(--ast-global-color-4)","background-image":"","background-repeat":"repeat","background-position":"center center","background-size":"auto","background-attachment":"scroll","background-type":"","background-media":"","overlay-type":"","overlay-color":"","overlay-opacity":"","overlay-gradient":""},"tablet":{"background-color":"","background-image":"","background-repeat":"repeat","background-position":"center center","background-size":"auto","background-attachment":"scroll","background-type":"","background-media":"","overlay-type":"","overlay-color":"","overlay-opacity":"","overlay-gradient":""},"mobile":{"background-color":"","background-image":"","background-repeat":"repeat","background-position":"center center","background-size":"auto","background-attachment":"scroll","background-type":"","background-media":"","overlay-type":"","overlay-color":"","overlay-opacity":"","overlay-gradient":""}},"ast-content-background-meta":{"desktop":{"background-color":"var(--ast-global-color-5)","background-image":"","background-repeat":"repeat","background-position":"center center","background-size":"auto","background-attachment":"scroll","background-type":"","background-media":"","overlay-type":"","overlay-color":"","overlay-opacity":"","overlay-gradient":""},"tablet":{"background-color":"var(--ast-global-color-5)","background-image":"","background-repeat":"repeat","background-position":"center center","background-size":"auto","background-attachment":"scroll","background-type":"","background-media":"","overlay-type":"","overlay-color":"","overlay-opacity":"","overlay-gradient":""},"mobile":{"background-color":"var(--ast-global-color-5)","background-image":"","background-repeat":"repeat","background-position":"center center","background-size":"auto","background-attachment":"scroll","background-type":"","background-media":"","overlay-type":"","overlay-color":"","overlay-opacity":"","overlay-gradient":""}},"footnotes":""},"class_list":["post-503","page","type-page","status-publish","hentry"],"yoast_head":"<!-- This site is optimized with the Yoast SEO plugin v26.1.1 - https:\/\/yoast.com\/wordpress\/plugins\/seo\/ -->\n<title>Pans artesans - Forn i Pastisseria Sant Jordi<\/title>\n<meta name=\"robots\" content=\"index, follow, max-snippet:-1, max-image-preview:large, max-video-preview:-1\" \/>\n<link rel=\"canonical\" href=\"https:\/\/fornsantjordi.cat\/pans-artesans\/\" \/>\n<meta property=\"og:locale\" content=\"es_ES\" \/>\n<meta property=\"og:type\" content=\"article\" \/>\n<meta property=\"og:title\" content=\"Pans artesans - Forn i Pastisseria Sant Jordi\" \/>\n<meta property=\"og:description\" content=\"Pans artesanals fets amb ingredients naturals Descobreix el sabor aut\u00e8ntic del pa fet a m\u00e0, amb fermentaci\u00f3 lenta i sense additius per a una qualitat inigualable. A Forn Sant Jordi, cada pa es crea seguint processos artesanals i amb ingredients naturals. Des de pa de pag\u00e8s i pa integral fins a pans especials com pa [&hellip;]\" \/>\n<meta property=\"og:url\" content=\"https:\/\/fornsantjordi.cat\/pans-artesans\/\" \/>\n<meta property=\"og:site_name\" content=\"Forn i Pastisseria Sant Jordi\" \/>\n<meta property=\"article:modified_time\" content=\"2025-11-11T11:22:52+00:00\" \/>\n<meta name=\"twitter:card\" content=\"summary_large_image\" \/>\n<meta name=\"twitter:label1\" content=\"Tiempo de lectura\" \/>\n\t<meta name=\"twitter:data1\" content=\"1 minuto\" \/>\n<script type=\"application\/ld+json\" class=\"yoast-schema-graph\">{\"@context\":\"https:\/\/schema.org\",\"@graph\":[{\"@type\":\"WebPage\",\"@id\":\"https:\/\/fornsantjordi.cat\/pans-artesans\/\",\"url\":\"https:\/\/fornsantjordi.cat\/pans-artesans\/\",\"name\":\"Pans artesans - Forn i Pastisseria Sant Jordi\",\"isPartOf\":{\"@id\":\"https:\/\/fornsantjordi.cat\/#website\"},\"datePublished\":\"2025-10-15T16:01:34+00:00\",\"dateModified\":\"2025-11-11T11:22:52+00:00\",\"breadcrumb\":{\"@id\":\"https:\/\/fornsantjordi.cat\/pans-artesans\/#breadcrumb\"},\"inLanguage\":\"es\",\"potentialAction\":[{\"@type\":\"ReadAction\",\"target\":[\"https:\/\/fornsantjordi.cat\/pans-artesans\/\"]}]},{\"@type\":\"BreadcrumbList\",\"@id\":\"https:\/\/fornsantjordi.cat\/pans-artesans\/#breadcrumb\",\"itemListElement\":[{\"@type\":\"ListItem\",\"position\":1,\"name\":\"Home\",\"item\":\"https:\/\/fornsantjordi.cat\/\"},{\"@type\":\"ListItem\",\"position\":2,\"name\":\"Pans artesans\"}]},{\"@type\":\"WebSite\",\"@id\":\"https:\/\/fornsantjordi.cat\/#website\",\"url\":\"https:\/\/fornsantjordi.cat\/\",\"name\":\"Forn i Pastisseria Sant Jordi\",\"description\":\"Forn de pa i pastisseria a Girona\",\"publisher\":{\"@id\":\"https:\/\/fornsantjordi.cat\/#organization\"},\"potentialAction\":[{\"@type\":\"SearchAction\",\"target\":{\"@type\":\"EntryPoint\",\"urlTemplate\":\"https:\/\/fornsantjordi.cat\/?s={search_term_string}\"},\"query-input\":{\"@type\":\"PropertyValueSpecification\",\"valueRequired\":true,\"valueName\":\"search_term_string\"}}],\"inLanguage\":\"es\"},{\"@type\":\"Organization\",\"@id\":\"https:\/\/fornsantjordi.cat\/#organization\",\"name\":\"Forn i Pastisseria Sant Jordi\",\"url\":\"https:\/\/fornsantjordi.cat\/\",\"logo\":{\"@type\":\"ImageObject\",\"inLanguage\":\"es\",\"@id\":\"https:\/\/fornsantjordi.cat\/#\/schema\/logo\/image\/\",\"url\":\"https:\/\/fornsantjordi.cat\/wp-content\/uploads\/2025\/10\/logo.png\",\"contentUrl\":\"https:\/\/fornsantjordi.cat\/wp-content\/uploads\/2025\/10\/logo.png\",\"width\":462,\"height\":185,\"caption\":\"Forn i Pastisseria Sant Jordi\"},\"image\":{\"@id\":\"https:\/\/fornsantjordi.cat\/#\/schema\/logo\/image\/\"}}]}<\/script>\n<!-- \/ Yoast SEO plugin. -->","yoast_head_json":{"title":"Pans artesans - Forn i Pastisseria Sant Jordi","robots":{"index":"index","follow":"follow","max-snippet":"max-snippet:-1","max-image-preview":"max-image-preview:large","max-video-preview":"max-video-preview:-1"},"canonical":"https:\/\/fornsantjordi.cat\/pans-artesans\/","og_locale":"es_ES","og_type":"article","og_title":"Pans artesans - Forn i Pastisseria Sant Jordi","og_description":"Pans artesanals fets amb ingredients naturals Descobreix el sabor aut\u00e8ntic del pa fet a m\u00e0, amb fermentaci\u00f3 lenta i sense additius per a una qualitat inigualable. A Forn Sant Jordi, cada pa es crea seguint processos artesanals i amb ingredients naturals. Des de pa de pag\u00e8s i pa integral fins a pans especials com pa [&hellip;]","og_url":"https:\/\/fornsantjordi.cat\/pans-artesans\/","og_site_name":"Forn i Pastisseria Sant Jordi","article_modified_time":"2025-11-11T11:22:52+00:00","twitter_card":"summary_large_image","twitter_misc":{"Tiempo de lectura":"1 minuto"},"schema":{"@context":"https:\/\/schema.org","@graph":[{"@type":"WebPage","@id":"https:\/\/fornsantjordi.cat\/pans-artesans\/","url":"https:\/\/fornsantjordi.cat\/pans-artesans\/","name":"Pans artesans - Forn i Pastisseria Sant Jordi","isPartOf":{"@id":"https:\/\/fornsantjordi.cat\/#website"},"datePublished":"2025-10-15T16:01:34+00:00","dateModified":"2025-11-11T11:22:52+00:00","breadcrumb":{"@id":"https:\/\/fornsantjordi.cat\/pans-artesans\/#breadcrumb"},"inLanguage":"es","potentialAction":[{"@type":"ReadAction","target":["https:\/\/fornsantjordi.cat\/pans-artesans\/"]}]},{"@type":"BreadcrumbList","@id":"https:\/\/fornsantjordi.cat\/pans-artesans\/#breadcrumb","itemListElement":[{"@type":"ListItem","position":1,"name":"Home","item":"https:\/\/fornsantjordi.cat\/"},{"@type":"ListItem","position":2,"name":"Pans artesans"}]},{"@type":"WebSite","@id":"https:\/\/fornsantjordi.cat\/#website","url":"https:\/\/fornsantjordi.cat\/","name":"Forn i Pastisseria Sant Jordi","description":"Forn de pa i pastisseria a Girona","publisher":{"@id":"https:\/\/fornsantjordi.cat\/#organization"},"potentialAction":[{"@type":"SearchAction","target":{"@type":"EntryPoint","urlTemplate":"https:\/\/fornsantjordi.cat\/?s={search_term_string}"},"query-input":{"@type":"PropertyValueSpecification","valueRequired":true,"valueName":"search_term_string"}}],"inLanguage":"es"},{"@type":"Organization","@id":"https:\/\/fornsantjordi.cat\/#organization","name":"Forn i Pastisseria Sant Jordi","url":"https:\/\/fornsantjordi.cat\/","logo":{"@type":"ImageObject","inLanguage":"es","@id":"https:\/\/fornsantjordi.cat\/#\/schema\/logo\/image\/","url":"https:\/\/fornsantjordi.cat\/wp-content\/uploads\/2025\/10\/logo.png","contentUrl":"https:\/\/fornsantjordi.cat\/wp-content\/uploads\/2025\/10\/logo.png","width":462,"height":185,"caption":"Forn i Pastisseria Sant Jordi"},"image":{"@id":"https:\/\/fornsantjordi.cat\/#\/schema\/logo\/image\/"}}]}},"_links":{"self":[{"href":"https:\/\/fornsantjordi.cat\/es\/wp-json\/wp\/v2\/pages\/503","targetHints":{"allow":["GET"]}}],"collection":[{"href":"https:\/\/fornsantjordi.cat\/es\/wp-json\/wp\/v2\/pages"}],"about":[{"href":"https:\/\/fornsantjordi.cat\/es\/wp-json\/wp\/v2\/types\/page"}],"author":[{"embeddable":true,"href":"https:\/\/fornsantjordi.cat\/es\/wp-json\/wp\/v2\/users\/1"}],"replies":[{"embeddable":true,"href":"https:\/\/fornsantjordi.cat\/es\/wp-json\/wp\/v2\/comments?post=503"}],"version-history":[{"count":14,"href":"https:\/\/fornsantjordi.cat\/es\/wp-json\/wp\/v2\/pages\/503\/revisions"}],"predecessor-version":[{"id":780,"href":"https:\/\/fornsantjordi.cat\/es\/wp-json\/wp\/v2\/pages\/503\/revisions\/780"}],"wp:attachment":[{"href":"https:\/\/fornsantjordi.cat\/es\/wp-json\/wp\/v2\/media?parent=503"}],"curies":[{"name":"wp","href":"https:\/\/api.w.org\/{rel}","templated":true}]}}