{"id":501,"date":"2025-10-16T13:00:41","date_gmt":"2025-10-16T13:00:41","guid":{"rendered":"https:\/\/fornsantjordi.cat\/les-botigues-de-forn-sant-jordi\/"},"modified":"2025-10-23T10:08:46","modified_gmt":"2025-10-23T10:08:46","slug":"las-tiendas-de-forn-sant-jordi","status":"publish","type":"page","link":"https:\/\/fornsantjordi.cat\/es\/las-tiendas-de-forn-sant-jordi\/","title":{"rendered":"Las tiendas de Forn Sant Jordi"},"content":{"rendered":"\t\t<div data-elementor-type=\"wp-page\" data-elementor-id=\"501\" class=\"elementor elementor-501 elementor-450\" data-elementor-post-type=\"page\">\n\t\t\t\t<div class=\"elementor-element elementor-element-511d64f e-con-full e-flex e-con e-parent\" data-id=\"511d64f\" data-element_type=\"container\" data-settings=\"{&quot;background_background&quot;:&quot;classic&quot;}\">\n\t\t<div class=\"elementor-element elementor-element-2d14095 e-flex e-con-boxed e-con e-child\" data-id=\"2d14095\" data-element_type=\"container\">\n\t\t\t\t\t<div class=\"e-con-inner\">\n\t\t\t\t<div class=\"elementor-element elementor-element-0149def elementor-widget__width-initial animated-slow elementor-invisible elementor-widget elementor-widget-heading\" data-id=\"0149def\" data-element_type=\"widget\" data-settings=\"{&quot;_animation&quot;:&quot;fadeIn&quot;}\" data-widget_type=\"heading.default\">\n\t\t\t\t<div class=\"elementor-widget-container\">\n\t\t\t\t\t<h1 class=\"elementor-heading-title elementor-size-default\">Botigues de Forn Sant Jordi<\/h1>\t\t\t\t<\/div>\n\t\t\t\t<\/div>\n\t\t\t\t\t<\/div>\n\t\t\t\t<\/div>\n\t\t\t\t<\/div>\n\t\t<div class=\"elementor-element elementor-element-3ce0a11 e-flex e-con-boxed e-con e-parent\" data-id=\"3ce0a11\" data-element_type=\"container\">\n\t\t\t\t\t<div class=\"e-con-inner\">\n\t\t<div class=\"elementor-element elementor-element-1eb42f2 e-con-full e-flex e-con e-child\" data-id=\"1eb42f2\" data-element_type=\"container\">\n\t\t<div class=\"elementor-element elementor-element-8dedf15 e-con-full e-flex e-con e-child\" data-id=\"8dedf15\" data-element_type=\"container\">\n\t\t\t\t<div class=\"elementor-element elementor-element-6b527ff elementor-widget elementor-widget-heading\" data-id=\"6b527ff\" data-element_type=\"widget\" data-widget_type=\"heading.default\">\n\t\t\t\t<div class=\"elementor-widget-container\">\n\t\t\t\t\t<h4 class=\"elementor-heading-title elementor-size-default\">Troba'ns a Granollers, Les Franqueses i La Roca\n<\/h4>\t\t\t\t<\/div>\n\t\t\t\t<\/div>\n\t\t\t\t<div class=\"elementor-element elementor-element-82facec elementor-widget elementor-widget-heading\" data-id=\"82facec\" data-element_type=\"widget\" data-widget_type=\"heading.default\">\n\t\t\t\t<div class=\"elementor-widget-container\">\n\t\t\t\t\t<h4 class=\"elementor-heading-title elementor-size-default\">LES NOSTRES BOTIGUES<\/h4>\t\t\t\t<\/div>\n\t\t\t\t<\/div>\n\t\t\t\t<div class=\"elementor-element elementor-element-fb64b42 elementor-widget elementor-widget-text-editor\" data-id=\"fb64b42\" data-element_type=\"widget\" data-widget_type=\"text-editor.default\">\n\t\t\t\t<div class=\"elementor-widget-container\">\n\t\t\t\t\t\t\t\t\t<p>A Forn Sant Jordi ens esforcem per apropar-te el millor de la nostra tradici\u00f3 artesana amb una xarxa de botigues en ubicacions privilegiades. Ens pots visitar a Granollers, on comptem amb tres locals estrat\u00e8gicament situats a la ciutat per facilitar-te l&#8217;acc\u00e9s als nostres productes frescos. A m\u00e9s, tenim pres\u00e8ncia a Les Franqueses (Bellavista) i La Roca, on oferim una experi\u00e8ncia acollidora i una atenci\u00f3 propera. En cada botiga, trobar\u00e0s una \u00e0mplia selecci\u00f3 de pans, brioixeria dol\u00e7a i salada, pastisseria artesanal i opcions de c\u00e0tering adaptades a les teves necessitats. El nostre comprom\u00eds \u00e9s oferir-te qualitat i sabor aut\u00e8ntic en cada visita.<\/p>\t\t\t\t\t\t\t\t<\/div>\n\t\t\t\t<\/div>\n\t\t\t\t<div class=\"elementor-element elementor-element-2a63a43 animated-slow elementor-invisible elementor-widget elementor-widget-button\" data-id=\"2a63a43\" data-element_type=\"widget\" data-settings=\"{&quot;_animation&quot;:&quot;fadeIn&quot;,&quot;_animation_delay&quot;:500}\" data-widget_type=\"button.default\">\n\t\t\t\t<div class=\"elementor-widget-container\">\n\t\t\t\t\t\t\t\t\t<div class=\"elementor-button-wrapper\">\n\t\t\t\t\t<a class=\"elementor-button elementor-button-link elementor-size-sm\" href=\"\/contacto\" target=\"_blank\">\n\t\t\t\t\t\t<span class=\"elementor-button-content-wrapper\">\n\t\t\t\t\t\t\t\t\t<span class=\"elementor-button-text\">Contactar<\/span>\n\t\t\t\t\t<\/span>\n\t\t\t\t\t<\/a>\n\t\t\t\t<\/div>\n\t\t\t\t\t\t\t\t<\/div>\n\t\t\t\t<\/div>\n\t\t\t\t<\/div>\n\t\t<div class=\"elementor-element elementor-element-8c9684d e-con-full e-flex e-con e-child\" data-id=\"8c9684d\" data-element_type=\"container\" data-settings=\"{&quot;background_background&quot;:&quot;classic&quot;}\">\n\t\t\t\t<\/div>\n\t\t\t\t<\/div>\n\t\t\t\t\t<\/div>\n\t\t\t\t<\/div>\n\t\t<div class=\"elementor-element elementor-element-ff7ab4e e-flex e-con-boxed e-con e-parent\" data-id=\"ff7ab4e\" data-element_type=\"container\">\n\t\t\t\t\t<div class=\"e-con-inner\">\n\t\t<div class=\"elementor-element elementor-element-65abea8 e-con-full e-flex e-con e-child\" data-id=\"65abea8\" data-element_type=\"container\">\n\t\t<div class=\"elementor-element elementor-element-3e0a1f1 e-con-full e-flex e-con e-child\" data-id=\"3e0a1f1\" data-element_type=\"container\">\n\t\t\t\t<div class=\"elementor-element elementor-element-006d073 elementor-view-default elementor-widget elementor-widget-icon\" data-id=\"006d073\" data-element_type=\"widget\" data-widget_type=\"icon.default\">\n\t\t\t\t<div class=\"elementor-widget-container\">\n\t\t\t\t\t\t\t<div class=\"elementor-icon-wrapper\">\n\t\t\t<div class=\"elementor-icon\">\n\t\t\t<i aria-hidden=\"true\" class=\"fas fa-map-marker-alt\"><\/i>\t\t\t<\/div>\n\t\t<\/div>\n\t\t\t\t\t\t<\/div>\n\t\t\t\t<\/div>\n\t\t\t\t<div class=\"elementor-element elementor-element-7d19bd4 elementor-widget elementor-widget-heading\" data-id=\"7d19bd4\" data-element_type=\"widget\" data-widget_type=\"heading.default\">\n\t\t\t\t<div class=\"elementor-widget-container\">\n\t\t\t\t\t<h4 class=\"elementor-heading-title elementor-size-default\">Granollers<\/h4>\t\t\t\t<\/div>\n\t\t\t\t<\/div>\n\t\t\t\t<div class=\"elementor-element elementor-element-b82c6c7 elementor-widget elementor-widget-text-editor\" data-id=\"b82c6c7\" data-element_type=\"widget\" data-widget_type=\"text-editor.default\">\n\t\t\t\t<div class=\"elementor-widget-container\">\n\t\t\t\t\t\t\t\t\tP\u00e7. Catalunya, 7 &#8211; Tel. 722 56 20 93\n<br>Avda. Sant Esteve, 12 &#8211; Tel. 93 879 28 22\n<br>Girona, 83 &#8211; Tel. 93 846 74 96\t\t\t\t\t\t\t\t<\/div>\n\t\t\t\t<\/div>\n\t\t\t\t<\/div>\n\t\t<div class=\"elementor-element elementor-element-b52a9e7 e-con-full e-flex e-con e-child\" data-id=\"b52a9e7\" data-element_type=\"container\">\n\t\t\t\t<div class=\"elementor-element elementor-element-d818fe8 elementor-view-default elementor-widget elementor-widget-icon\" data-id=\"d818fe8\" data-element_type=\"widget\" data-widget_type=\"icon.default\">\n\t\t\t\t<div class=\"elementor-widget-container\">\n\t\t\t\t\t\t\t<div class=\"elementor-icon-wrapper\">\n\t\t\t<div class=\"elementor-icon\">\n\t\t\t<i aria-hidden=\"true\" class=\"fas fa-map-marker-alt\"><\/i>\t\t\t<\/div>\n\t\t<\/div>\n\t\t\t\t\t\t<\/div>\n\t\t\t\t<\/div>\n\t\t\t\t<div class=\"elementor-element elementor-element-b834160 elementor-widget elementor-widget-heading\" data-id=\"b834160\" data-element_type=\"widget\" data-widget_type=\"heading.default\">\n\t\t\t\t<div class=\"elementor-widget-container\">\n\t\t\t\t\t<h4 class=\"elementor-heading-title elementor-size-default\">Les Franqueses (Bellavista)<\/h4>\t\t\t\t<\/div>\n\t\t\t\t<\/div>\n\t\t\t\t<div class=\"elementor-element elementor-element-c324558 elementor-widget elementor-widget-text-editor\" data-id=\"c324558\" data-element_type=\"widget\" data-widget_type=\"text-editor.default\">\n\t\t\t\t<div class=\"elementor-widget-container\">\n\t\t\t\t\t\t\t\t\tGirona, 34 &#8211; Tel. 93 861 87 75\n\t\t\t\t\t\t\t\t<\/div>\n\t\t\t\t<\/div>\n\t\t\t\t<\/div>\n\t\t<div class=\"elementor-element elementor-element-c945c00 e-con-full e-flex e-con e-child\" data-id=\"c945c00\" data-element_type=\"container\">\n\t\t\t\t<div class=\"elementor-element elementor-element-f22cb99 elementor-view-default elementor-widget elementor-widget-icon\" data-id=\"f22cb99\" data-element_type=\"widget\" data-widget_type=\"icon.default\">\n\t\t\t\t<div class=\"elementor-widget-container\">\n\t\t\t\t\t\t\t<div class=\"elementor-icon-wrapper\">\n\t\t\t<div class=\"elementor-icon\">\n\t\t\t<i aria-hidden=\"true\" class=\"fas fa-map-marker-alt\"><\/i>\t\t\t<\/div>\n\t\t<\/div>\n\t\t\t\t\t\t<\/div>\n\t\t\t\t<\/div>\n\t\t\t\t<div class=\"elementor-element elementor-element-895800f elementor-widget elementor-widget-heading\" data-id=\"895800f\" data-element_type=\"widget\" data-widget_type=\"heading.default\">\n\t\t\t\t<div class=\"elementor-widget-container\">\n\t\t\t\t\t<h4 class=\"elementor-heading-title elementor-size-default\">La Roca<\/h4>\t\t\t\t<\/div>\n\t\t\t\t<\/div>\n\t\t\t\t<div class=\"elementor-element elementor-element-2e36f19 elementor-widget elementor-widget-text-editor\" data-id=\"2e36f19\" data-element_type=\"widget\" data-widget_type=\"text-editor.default\">\n\t\t\t\t<div class=\"elementor-widget-container\">\n\t\t\t\t\t\t\t\t\tLa Placeta, 8 &#8211; Tel. 93 842 24 02\t\t\t\t\t\t\t\t<\/div>\n\t\t\t\t<\/div>\n\t\t\t\t<\/div>\n\t\t\t\t<\/div>\n\t\t\t\t\t<\/div>\n\t\t\t\t<\/div>\n\t\t\t\t<\/div>\n\t\t","protected":false},"excerpt":{"rendered":"<p>Botigues de Forn Sant Jordi Troba&#8217;ns a Granollers, Les Franqueses i La Roca LES NOSTRES BOTIGUES A Forn Sant Jordi ens esforcem per apropar-te el millor de la nostra tradici\u00f3 artesana amb una xarxa de botigues en ubicacions privilegiades. Ens pots visitar a Granollers, on comptem amb tres locals estrat\u00e8gicament situats a la ciutat per [&hellip;]<\/p>\n","protected":false},"author":1,"featured_media":0,"parent":0,"menu_order":0,"comment_status":"closed","ping_status":"closed","template":"","meta":{"site-sidebar-layout":"no-sidebar","site-content-layout":"page-builder","ast-site-content-layout":"full-width-container","site-content-style":"default","site-sidebar-style":"default","ast-global-header-display":"","ast-banner-title-visibility":"","ast-main-header-display":"","ast-hfb-above-header-display":"","ast-hfb-below-header-display":"","ast-hfb-mobile-header-display":"","site-post-title":"disabled","ast-breadcrumbs-content":"","ast-featured-img":"disabled","footer-sml-layout":"","theme-transparent-header-meta":"","adv-header-id-meta":"","stick-header-meta":"","header-above-stick-meta":"","header-main-stick-meta":"","header-below-stick-meta":"","astra-migrate-meta-layouts":"default","ast-page-background-enabled":"default","ast-page-background-meta":{"desktop":{"background-color":"var(--ast-global-color-4)","background-image":"","background-repeat":"repeat","background-position":"center center","background-size":"auto","background-attachment":"scroll","background-type":"","background-media":"","overlay-type":"","overlay-color":"","overlay-opacity":"","overlay-gradient":""},"tablet":{"background-color":"","background-image":"","background-repeat":"repeat","background-position":"center center","background-size":"auto","background-attachment":"scroll","background-type":"","background-media":"","overlay-type":"","overlay-color":"","overlay-opacity":"","overlay-gradient":""},"mobile":{"background-color":"","background-image":"","background-repeat":"repeat","background-position":"center center","background-size":"auto","background-attachment":"scroll","background-type":"","background-media":"","overlay-type":"","overlay-color":"","overlay-opacity":"","overlay-gradient":""}},"ast-content-background-meta":{"desktop":{"background-color":"var(--ast-global-color-5)","background-image":"","background-repeat":"repeat","background-position":"center center","background-size":"auto","background-attachment":"scroll","background-type":"","background-media":"","overlay-type":"","overlay-color":"","overlay-opacity":"","overlay-gradient":""},"tablet":{"background-color":"var(--ast-global-color-5)","background-image":"","background-repeat":"repeat","background-position":"center center","background-size":"auto","background-attachment":"scroll","background-type":"","background-media":"","overlay-type":"","overlay-color":"","overlay-opacity":"","overlay-gradient":""},"mobile":{"background-color":"var(--ast-global-color-5)","background-image":"","background-repeat":"repeat","background-position":"center center","background-size":"auto","background-attachment":"scroll","background-type":"","background-media":"","overlay-type":"","overlay-color":"","overlay-opacity":"","overlay-gradient":""}},"footnotes":""},"class_list":["post-501","page","type-page","status-publish","hentry"],"yoast_head":"<!-- This site is optimized with the Yoast SEO plugin v26.1.1 - https:\/\/yoast.com\/wordpress\/plugins\/seo\/ -->\n<title>Las tiendas de Forn Sant Jordi - Forn i Pastisseria Sant Jordi<\/title>\n<meta name=\"robots\" content=\"index, follow, max-snippet:-1, max-image-preview:large, max-video-preview:-1\" \/>\n<link rel=\"canonical\" href=\"https:\/\/fornsantjordi.cat\/es\/las-tiendas-de-forn-sant-jordi\/\" \/>\n<meta property=\"og:locale\" content=\"es_ES\" \/>\n<meta property=\"og:type\" content=\"article\" \/>\n<meta property=\"og:title\" content=\"Las tiendas de Forn Sant Jordi - Forn i Pastisseria Sant Jordi\" \/>\n<meta property=\"og:description\" content=\"Botigues de Forn Sant Jordi Troba&#8217;ns a Granollers, Les Franqueses i La Roca LES NOSTRES BOTIGUES A Forn Sant Jordi ens esforcem per apropar-te el millor de la nostra tradici\u00f3 artesana amb una xarxa de botigues en ubicacions privilegiades. Ens pots visitar a Granollers, on comptem amb tres locals estrat\u00e8gicament situats a la ciutat per [&hellip;]\" \/>\n<meta property=\"og:url\" content=\"https:\/\/fornsantjordi.cat\/es\/las-tiendas-de-forn-sant-jordi\/\" \/>\n<meta property=\"og:site_name\" content=\"Forn i Pastisseria Sant Jordi\" \/>\n<meta property=\"article:modified_time\" content=\"2025-10-23T10:08:46+00:00\" \/>\n<meta name=\"twitter:card\" content=\"summary_large_image\" \/>\n<meta name=\"twitter:label1\" content=\"Tiempo de lectura\" \/>\n\t<meta name=\"twitter:data1\" content=\"1 minuto\" \/>\n<script type=\"application\/ld+json\" class=\"yoast-schema-graph\">{\"@context\":\"https:\/\/schema.org\",\"@graph\":[{\"@type\":\"WebPage\",\"@id\":\"https:\/\/fornsantjordi.cat\/es\/las-tiendas-de-forn-sant-jordi\/\",\"url\":\"https:\/\/fornsantjordi.cat\/es\/las-tiendas-de-forn-sant-jordi\/\",\"name\":\"Las tiendas de Forn Sant Jordi - Forn i Pastisseria Sant Jordi\",\"isPartOf\":{\"@id\":\"https:\/\/fornsantjordi.cat\/#website\"},\"datePublished\":\"2025-10-16T13:00:41+00:00\",\"dateModified\":\"2025-10-23T10:08:46+00:00\",\"breadcrumb\":{\"@id\":\"https:\/\/fornsantjordi.cat\/es\/las-tiendas-de-forn-sant-jordi\/#breadcrumb\"},\"inLanguage\":\"es\",\"potentialAction\":[{\"@type\":\"ReadAction\",\"target\":[\"https:\/\/fornsantjordi.cat\/es\/las-tiendas-de-forn-sant-jordi\/\"]}]},{\"@type\":\"BreadcrumbList\",\"@id\":\"https:\/\/fornsantjordi.cat\/es\/las-tiendas-de-forn-sant-jordi\/#breadcrumb\",\"itemListElement\":[{\"@type\":\"ListItem\",\"position\":1,\"name\":\"Home\",\"item\":\"https:\/\/fornsantjordi.cat\/\"},{\"@type\":\"ListItem\",\"position\":2,\"name\":\"Las tiendas de Forn Sant Jordi\"}]},{\"@type\":\"WebSite\",\"@id\":\"https:\/\/fornsantjordi.cat\/#website\",\"url\":\"https:\/\/fornsantjordi.cat\/\",\"name\":\"Forn i Pastisseria Sant Jordi\",\"description\":\"Forn de pa i pastisseria a Girona\",\"publisher\":{\"@id\":\"https:\/\/fornsantjordi.cat\/#organization\"},\"potentialAction\":[{\"@type\":\"SearchAction\",\"target\":{\"@type\":\"EntryPoint\",\"urlTemplate\":\"https:\/\/fornsantjordi.cat\/?s={search_term_string}\"},\"query-input\":{\"@type\":\"PropertyValueSpecification\",\"valueRequired\":true,\"valueName\":\"search_term_string\"}}],\"inLanguage\":\"es\"},{\"@type\":\"Organization\",\"@id\":\"https:\/\/fornsantjordi.cat\/#organization\",\"name\":\"Forn i Pastisseria Sant Jordi\",\"url\":\"https:\/\/fornsantjordi.cat\/\",\"logo\":{\"@type\":\"ImageObject\",\"inLanguage\":\"es\",\"@id\":\"https:\/\/fornsantjordi.cat\/#\/schema\/logo\/image\/\",\"url\":\"https:\/\/fornsantjordi.cat\/wp-content\/uploads\/2025\/10\/logo.png\",\"contentUrl\":\"https:\/\/fornsantjordi.cat\/wp-content\/uploads\/2025\/10\/logo.png\",\"width\":462,\"height\":185,\"caption\":\"Forn i Pastisseria Sant Jordi\"},\"image\":{\"@id\":\"https:\/\/fornsantjordi.cat\/#\/schema\/logo\/image\/\"}}]}<\/script>\n<!-- \/ Yoast SEO plugin. -->","yoast_head_json":{"title":"Las tiendas de Forn Sant Jordi - Forn i Pastisseria Sant Jordi","robots":{"index":"index","follow":"follow","max-snippet":"max-snippet:-1","max-image-preview":"max-image-preview:large","max-video-preview":"max-video-preview:-1"},"canonical":"https:\/\/fornsantjordi.cat\/es\/las-tiendas-de-forn-sant-jordi\/","og_locale":"es_ES","og_type":"article","og_title":"Las tiendas de Forn Sant Jordi - Forn i Pastisseria Sant Jordi","og_description":"Botigues de Forn Sant Jordi Troba&#8217;ns a Granollers, Les Franqueses i La Roca LES NOSTRES BOTIGUES A Forn Sant Jordi ens esforcem per apropar-te el millor de la nostra tradici\u00f3 artesana amb una xarxa de botigues en ubicacions privilegiades. Ens pots visitar a Granollers, on comptem amb tres locals estrat\u00e8gicament situats a la ciutat per [&hellip;]","og_url":"https:\/\/fornsantjordi.cat\/es\/las-tiendas-de-forn-sant-jordi\/","og_site_name":"Forn i Pastisseria Sant Jordi","article_modified_time":"2025-10-23T10:08:46+00:00","twitter_card":"summary_large_image","twitter_misc":{"Tiempo de lectura":"1 minuto"},"schema":{"@context":"https:\/\/schema.org","@graph":[{"@type":"WebPage","@id":"https:\/\/fornsantjordi.cat\/es\/las-tiendas-de-forn-sant-jordi\/","url":"https:\/\/fornsantjordi.cat\/es\/las-tiendas-de-forn-sant-jordi\/","name":"Las tiendas de Forn Sant Jordi - Forn i Pastisseria Sant Jordi","isPartOf":{"@id":"https:\/\/fornsantjordi.cat\/#website"},"datePublished":"2025-10-16T13:00:41+00:00","dateModified":"2025-10-23T10:08:46+00:00","breadcrumb":{"@id":"https:\/\/fornsantjordi.cat\/es\/las-tiendas-de-forn-sant-jordi\/#breadcrumb"},"inLanguage":"es","potentialAction":[{"@type":"ReadAction","target":["https:\/\/fornsantjordi.cat\/es\/las-tiendas-de-forn-sant-jordi\/"]}]},{"@type":"BreadcrumbList","@id":"https:\/\/fornsantjordi.cat\/es\/las-tiendas-de-forn-sant-jordi\/#breadcrumb","itemListElement":[{"@type":"ListItem","position":1,"name":"Home","item":"https:\/\/fornsantjordi.cat\/"},{"@type":"ListItem","position":2,"name":"Las tiendas de Forn Sant Jordi"}]},{"@type":"WebSite","@id":"https:\/\/fornsantjordi.cat\/#website","url":"https:\/\/fornsantjordi.cat\/","name":"Forn i Pastisseria Sant Jordi","description":"Forn de pa i pastisseria a Girona","publisher":{"@id":"https:\/\/fornsantjordi.cat\/#organization"},"potentialAction":[{"@type":"SearchAction","target":{"@type":"EntryPoint","urlTemplate":"https:\/\/fornsantjordi.cat\/?s={search_term_string}"},"query-input":{"@type":"PropertyValueSpecification","valueRequired":true,"valueName":"search_term_string"}}],"inLanguage":"es"},{"@type":"Organization","@id":"https:\/\/fornsantjordi.cat\/#organization","name":"Forn i Pastisseria Sant Jordi","url":"https:\/\/fornsantjordi.cat\/","logo":{"@type":"ImageObject","inLanguage":"es","@id":"https:\/\/fornsantjordi.cat\/#\/schema\/logo\/image\/","url":"https:\/\/fornsantjordi.cat\/wp-content\/uploads\/2025\/10\/logo.png","contentUrl":"https:\/\/fornsantjordi.cat\/wp-content\/uploads\/2025\/10\/logo.png","width":462,"height":185,"caption":"Forn i Pastisseria Sant Jordi"},"image":{"@id":"https:\/\/fornsantjordi.cat\/#\/schema\/logo\/image\/"}}]}},"_links":{"self":[{"href":"https:\/\/fornsantjordi.cat\/es\/wp-json\/wp\/v2\/pages\/501","targetHints":{"allow":["GET"]}}],"collection":[{"href":"https:\/\/fornsantjordi.cat\/es\/wp-json\/wp\/v2\/pages"}],"about":[{"href":"https:\/\/fornsantjordi.cat\/es\/wp-json\/wp\/v2\/types\/page"}],"author":[{"embeddable":true,"href":"https:\/\/fornsantjordi.cat\/es\/wp-json\/wp\/v2\/users\/1"}],"replies":[{"embeddable":true,"href":"https:\/\/fornsantjordi.cat\/es\/wp-json\/wp\/v2\/comments?post=501"}],"version-history":[{"count":4,"href":"https:\/\/fornsantjordi.cat\/es\/wp-json\/wp\/v2\/pages\/501\/revisions"}],"predecessor-version":[{"id":607,"href":"https:\/\/fornsantjordi.cat\/es\/wp-json\/wp\/v2\/pages\/501\/revisions\/607"}],"wp:attachment":[{"href":"https:\/\/fornsantjordi.cat\/es\/wp-json\/wp\/v2\/media?parent=501"}],"curies":[{"name":"wp","href":"https:\/\/api.w.org\/{rel}","templated":true}]}}