{"id":495,"date":"2025-10-16T12:53:02","date_gmt":"2025-10-16T12:53:02","guid":{"rendered":"https:\/\/fornsantjordi.cat\/celebra-les-festes-tradicionals-amb-nosaltres\/"},"modified":"2025-10-23T10:12:07","modified_gmt":"2025-10-23T10:12:07","slug":"celebra-les-festes-tradicionals-amb-nosaltres","status":"publish","type":"page","link":"https:\/\/fornsantjordi.cat\/es\/celebra-les-festes-tradicionals-amb-nosaltres\/","title":{"rendered":"Celebra les festes tradicionals amb nosaltres"},"content":{"rendered":"\t\t<div data-elementor-type=\"wp-page\" data-elementor-id=\"495\" class=\"elementor elementor-495 elementor-438\" data-elementor-post-type=\"page\">\n\t\t\t\t<div class=\"elementor-element elementor-element-b61f519 e-con-full e-flex e-con e-parent\" data-id=\"b61f519\" data-element_type=\"container\" data-settings=\"{&quot;background_background&quot;:&quot;classic&quot;}\">\n\t\t<div class=\"elementor-element elementor-element-af92d73 e-flex e-con-boxed e-con e-child\" data-id=\"af92d73\" data-element_type=\"container\">\n\t\t\t\t\t<div class=\"e-con-inner\">\n\t\t\t\t<div class=\"elementor-element elementor-element-92b7f11 elementor-widget__width-initial animated-slow elementor-invisible elementor-widget elementor-widget-heading\" data-id=\"92b7f11\" data-element_type=\"widget\" data-settings=\"{&quot;_animation&quot;:&quot;fadeIn&quot;}\" data-widget_type=\"heading.default\">\n\t\t\t\t<div class=\"elementor-widget-container\">\n\t\t\t\t\t<h1 class=\"elementor-heading-title elementor-size-default\">Celebra las Fiestas Tradicionales con nosotros\n<\/h1>\t\t\t\t<\/div>\n\t\t\t\t<\/div>\n\t\t\t\t\t<\/div>\n\t\t\t\t<\/div>\n\t\t\t\t<\/div>\n\t\t<div class=\"elementor-element elementor-element-430667b e-flex e-con-boxed e-con e-parent\" data-id=\"430667b\" data-element_type=\"container\">\n\t\t\t\t\t<div class=\"e-con-inner\">\n\t\t<div class=\"elementor-element elementor-element-5c427e2 e-con-full e-flex e-con e-child\" data-id=\"5c427e2\" data-element_type=\"container\">\n\t\t<div class=\"elementor-element elementor-element-0a27342 e-con-full e-flex e-con e-child\" data-id=\"0a27342\" data-element_type=\"container\">\n\t\t\t\t<div class=\"elementor-element elementor-element-3324c6c elementor-widget elementor-widget-heading\" data-id=\"3324c6c\" data-element_type=\"widget\" data-widget_type=\"heading.default\">\n\t\t\t\t<div class=\"elementor-widget-container\">\n\t\t\t\t\t<h4 class=\"elementor-heading-title elementor-size-default\">Disfruta de nuestras especialidades para Reyes, San Juan, Casta\u00f1ada, Navidad y otras celebraciones con productos hechos a mano por estas fechas tan especiales.\n<\/h4>\t\t\t\t<\/div>\n\t\t\t\t<\/div>\n\t\t\t\t<div class=\"elementor-element elementor-element-368ce81 elementor-widget elementor-widget-heading\" data-id=\"368ce81\" data-element_type=\"widget\" data-widget_type=\"heading.default\">\n\t\t\t\t<div class=\"elementor-widget-container\">\n\t\t\t\t\t<h4 class=\"elementor-heading-title elementor-size-default\">Fiestas y celebraciones<\/h4>\t\t\t\t<\/div>\n\t\t\t\t<\/div>\n\t\t\t\t<div class=\"elementor-element elementor-element-c590938 elementor-widget elementor-widget-text-editor\" data-id=\"c590938\" data-element_type=\"widget\" data-widget_type=\"text-editor.default\">\n\t\t\t\t<div class=\"elementor-widget-container\">\n\t\t\t\t\t\t\t\t\t<p>En Forn Sant Jordi nos gusta ser parte de tus celebraciones en las fechas m\u00e1s especiales del a\u00f1o. Por festividades como Reyes, San Juan, Casta\u00f1ada, y Navidad, preparamos productos tradicionales elaborados artesanalmente para que puedas disfrutar del mejor sabor. Desde roscones de Reyes hasta cocas de San Juan y panellets de Casta\u00f1ada, te ofrecemos una selecci\u00f3n que combina tradici\u00f3n y calidad. Descubre nuestros productos especiales para cada fiesta y comp\u00e1rtelos con los que m\u00e1s aprecios.<\/p>\t\t\t\t\t\t\t\t<\/div>\n\t\t\t\t<\/div>\n\t\t\t\t<div class=\"elementor-element elementor-element-efde901 animated-slow elementor-invisible elementor-widget elementor-widget-button\" data-id=\"efde901\" data-element_type=\"widget\" data-settings=\"{&quot;_animation&quot;:&quot;fadeIn&quot;,&quot;_animation_delay&quot;:500}\" data-widget_type=\"button.default\">\n\t\t\t\t<div class=\"elementor-widget-container\">\n\t\t\t\t\t\t\t\t\t<div class=\"elementor-button-wrapper\">\n\t\t\t\t\t<a class=\"elementor-button elementor-button-link elementor-size-sm\" href=\"\/es\/contacto\" target=\"_blank\">\n\t\t\t\t\t\t<span class=\"elementor-button-content-wrapper\">\n\t\t\t\t\t\t\t\t\t<span class=\"elementor-button-text\">Contactar<\/span>\n\t\t\t\t\t<\/span>\n\t\t\t\t\t<\/a>\n\t\t\t\t<\/div>\n\t\t\t\t\t\t\t\t<\/div>\n\t\t\t\t<\/div>\n\t\t\t\t<\/div>\n\t\t<div class=\"elementor-element elementor-element-0cec078 e-con-full e-flex e-con e-child\" data-id=\"0cec078\" data-element_type=\"container\" data-settings=\"{&quot;background_background&quot;:&quot;classic&quot;}\">\n\t\t\t\t<\/div>\n\t\t\t\t<\/div>\n\t\t\t\t\t<\/div>\n\t\t\t\t<\/div>\n\t\t<div class=\"elementor-element elementor-element-b7d04f3 e-flex e-con-boxed e-con e-parent\" data-id=\"b7d04f3\" data-element_type=\"container\">\n\t\t\t\t\t<div class=\"e-con-inner\">\n\t\t<div class=\"elementor-element elementor-element-a387a88 e-con-full e-flex e-con e-child\" data-id=\"a387a88\" data-element_type=\"container\">\n\t\t<div class=\"elementor-element elementor-element-489e313 e-con-full e-grid e-con e-child\" data-id=\"489e313\" data-element_type=\"container\">\n\t\t<div class=\"elementor-element elementor-element-9fff653 e-con-full e-flex e-con e-child\" data-id=\"9fff653\" data-element_type=\"container\">\n\t\t\t\t<div class=\"elementor-element elementor-element-e31fc39 elementor-widget elementor-widget-heading\" data-id=\"e31fc39\" data-element_type=\"widget\" data-widget_type=\"heading.default\">\n\t\t\t\t<div class=\"elementor-widget-container\">\n\t\t\t\t\t<h4 class=\"elementor-heading-title elementor-size-default\">Reyes<\/h4>\t\t\t\t<\/div>\n\t\t\t\t<\/div>\n\t\t\t\t<div class=\"elementor-element elementor-element-ece4f70 elementor-widget elementor-widget-text-editor\" data-id=\"ece4f70\" data-element_type=\"widget\" data-widget_type=\"text-editor.default\">\n\t\t\t\t<div class=\"elementor-widget-container\">\n\t\t\t\t\t\t\t\t\tEl Rosc\u00f3n de Reyes es el protagonista de esta fiesta m\u00e1gica. Elaborado con masa de bollo, rellenado de mazap\u00e1n y decorado con fruta confitada, es ideal para disfrutar con los tuyos. No falta nunca la sorpresa: el rey para quien encuentre la figura y el haba por quien tendr\u00e1 que pagar el siguiente rosc\u00f3n!\n\t\t\t\t\t\t\t\t<\/div>\n\t\t\t\t<\/div>\n\t\t\t\t<\/div>\n\t\t<div class=\"elementor-element elementor-element-79cdffe e-con-full e-flex e-con e-child\" data-id=\"79cdffe\" data-element_type=\"container\">\n\t\t\t\t<div class=\"elementor-element elementor-element-d464ef5 elementor-widget elementor-widget-heading\" data-id=\"d464ef5\" data-element_type=\"widget\" data-widget_type=\"heading.default\">\n\t\t\t\t<div class=\"elementor-widget-container\">\n\t\t\t\t\t<h4 class=\"elementor-heading-title elementor-size-default\">San Juan<\/h4>\t\t\t\t<\/div>\n\t\t\t\t<\/div>\n\t\t\t\t<div class=\"elementor-element elementor-element-893cf04 elementor-widget elementor-widget-text-editor\" data-id=\"893cf04\" data-element_type=\"widget\" data-widget_type=\"text-editor.default\">\n\t\t\t\t<div class=\"elementor-widget-container\">\n\t\t\t\t\t\t\t\t\tLa noche m\u00e1s luminosa del a\u00f1o se celebra con nuestra deliciosa coca de San Juan. Las cocas de crema, llardons o fruta confitada son imprescindibles para disfrutar de las verbenas con amigos y familia. Cada coca est\u00e1 hecha con ingredientes frescos y mucha tradici\u00f3n.\n\t\t\t\t\t\t\t\t<\/div>\n\t\t\t\t<\/div>\n\t\t\t\t<\/div>\n\t\t<div class=\"elementor-element elementor-element-b13dd8b e-con-full e-flex e-con e-child\" data-id=\"b13dd8b\" data-element_type=\"container\">\n\t\t\t\t<div class=\"elementor-element elementor-element-38c950a elementor-widget elementor-widget-heading\" data-id=\"38c950a\" data-element_type=\"widget\" data-widget_type=\"heading.default\">\n\t\t\t\t<div class=\"elementor-widget-container\">\n\t\t\t\t\t<h4 class=\"elementor-heading-title elementor-size-default\">Casta\u00f1ada<\/h4>\t\t\t\t<\/div>\n\t\t\t\t<\/div>\n\t\t\t\t<div class=\"elementor-element elementor-element-8810aa0 elementor-widget elementor-widget-text-editor\" data-id=\"8810aa0\" data-element_type=\"widget\" data-widget_type=\"text-editor.default\">\n\t\t\t\t<div class=\"elementor-widget-container\">\n\t\t\t\t\t\t\t\t\tLa Casta\u00f1ada llega con nuestros panellets, elaborados artesanalmente con almendra, az\u00facar y patata. Descubre los cl\u00e1sicos de pi\u00f1ones o d\u00e9jate sorprender con sabores como coco, chocolate o caf\u00e9. Acomp\u00e1\u00f1alos con casta\u00f1as y boniatos por una comida de oto\u00f1o aut\u00e9ntico.\n\t\t\t\t\t\t\t\t<\/div>\n\t\t\t\t<\/div>\n\t\t\t\t<\/div>\n\t\t<div class=\"elementor-element elementor-element-91fc115 e-con-full e-flex e-con e-child\" data-id=\"91fc115\" data-element_type=\"container\">\n\t\t\t\t<div class=\"elementor-element elementor-element-756c0ba elementor-widget elementor-widget-heading\" data-id=\"756c0ba\" data-element_type=\"widget\" data-widget_type=\"heading.default\">\n\t\t\t\t<div class=\"elementor-widget-container\">\n\t\t\t\t\t<h4 class=\"elementor-heading-title elementor-size-default\">Navidad<\/h4>\t\t\t\t<\/div>\n\t\t\t\t<\/div>\n\t\t\t\t<div class=\"elementor-element elementor-element-3507e5a elementor-widget elementor-widget-text-editor\" data-id=\"3507e5a\" data-element_type=\"widget\" data-widget_type=\"text-editor.default\">\n\t\t\t\t<div class=\"elementor-widget-container\">\n\t\t\t\t\t\t\t\t\tLa Navidad es tiempo de reencuentros y dulces especiales. En Forn Sant Jordi preparamos productos tradicionales como turrones, polvorones y galletas decoradas, ideales para compartir a mesa o regalar. Llena estas fiestas de sabor y calidez con nuestra selecci\u00f3n exclusiva.\n\t\t\t\t\t\t\t\t<\/div>\n\t\t\t\t<\/div>\n\t\t\t\t<\/div>\n\t\t<div class=\"elementor-element elementor-element-5b6c5f5 e-con-full e-flex e-con e-child\" data-id=\"5b6c5f5\" data-element_type=\"container\">\n\t\t\t\t<div class=\"elementor-element elementor-element-21987c2 elementor-widget elementor-widget-heading\" data-id=\"21987c2\" data-element_type=\"widget\" data-widget_type=\"heading.default\">\n\t\t\t\t<div class=\"elementor-widget-container\">\n\t\t\t\t\t<h4 class=\"elementor-heading-title elementor-size-default\">Sant Jordi<\/h4>\t\t\t\t<\/div>\n\t\t\t\t<\/div>\n\t\t\t\t<div class=\"elementor-element elementor-element-0f6be0e elementor-widget elementor-widget-text-editor\" data-id=\"0f6be0e\" data-element_type=\"widget\" data-widget_type=\"text-editor.default\">\n\t\t\t\t<div class=\"elementor-widget-container\">\n\t\t\t\t\t\t\t\t\tCelebra el d\u00eda de nuestro patr\u00f3n con nuestras rosas dulces y pasteles especiales dedicados a esta fiesta \u00fanica. Adem\u00e1s, no puede faltar el pan de Sant Jordi, hecho con queso y sobrasada, un cl\u00e1sico con gusto catal\u00e1n.\n\t\t\t\t\t\t\t\t<\/div>\n\t\t\t\t<\/div>\n\t\t\t\t<\/div>\n\t\t<div class=\"elementor-element elementor-element-763cb6a e-con-full e-flex e-con e-child\" data-id=\"763cb6a\" data-element_type=\"container\">\n\t\t\t\t<div class=\"elementor-element elementor-element-b840db2 elementor-widget elementor-widget-heading\" data-id=\"b840db2\" data-element_type=\"widget\" data-widget_type=\"heading.default\">\n\t\t\t\t<div class=\"elementor-widget-container\">\n\t\t\t\t\t<h4 class=\"elementor-heading-title elementor-size-default\">Carnaval<\/h4>\t\t\t\t<\/div>\n\t\t\t\t<\/div>\n\t\t\t\t<div class=\"elementor-element elementor-element-98cf2ca elementor-widget elementor-widget-text-editor\" data-id=\"98cf2ca\" data-element_type=\"widget\" data-widget_type=\"text-editor.default\">\n\t\t\t\t<div class=\"elementor-widget-container\">\n\t\t\t\t\t\t\t\t\tLa fiesta m\u00e1s divertida y alocada del a\u00f1o merece productos especiales! En Carnaval, en Forn Sant Jordi preparamos dulces tradicionales como las orelletes y bu\u00f1uelos, ideales para compartir en las celebraciones con familia y amigos. Hechos artesanalmente, son el complemento perfecto para disfrutar de la fiesta con gusto y tradici\u00f3n.\n\t\t\t\t\t\t\t\t<\/div>\n\t\t\t\t<\/div>\n\t\t\t\t<\/div>\n\t\t\t\t<\/div>\n\t\t\t\t<\/div>\n\t\t\t\t\t<\/div>\n\t\t\t\t<\/div>\n\t\t\t\t<\/div>\n\t\t","protected":false},"excerpt":{"rendered":"<p>Celebra las Fiestas Tradicionales con nosotros Disfruta de nuestras especialidades para Reyes, San Juan, Casta\u00f1ada, Navidad y otras celebraciones con productos hechos a mano por estas fechas tan especiales. Fiestas y celebraciones En Forn Sant Jordi nos gusta ser parte de tus celebraciones en las fechas m\u00e1s especiales del a\u00f1o. Por festividades como Reyes, San [&hellip;]<\/p>\n","protected":false},"author":1,"featured_media":0,"parent":0,"menu_order":0,"comment_status":"closed","ping_status":"closed","template":"","meta":{"site-sidebar-layout":"no-sidebar","site-content-layout":"page-builder","ast-site-content-layout":"full-width-container","site-content-style":"default","site-sidebar-style":"default","ast-global-header-display":"","ast-banner-title-visibility":"","ast-main-header-display":"","ast-hfb-above-header-display":"","ast-hfb-below-header-display":"","ast-hfb-mobile-header-display":"","site-post-title":"disabled","ast-breadcrumbs-content":"","ast-featured-img":"disabled","footer-sml-layout":"","theme-transparent-header-meta":"","adv-header-id-meta":"","stick-header-meta":"","header-above-stick-meta":"","header-main-stick-meta":"","header-below-stick-meta":"","astra-migrate-meta-layouts":"default","ast-page-background-enabled":"default","ast-page-background-meta":{"desktop":{"background-color":"var(--ast-global-color-4)","background-image":"","background-repeat":"repeat","background-position":"center center","background-size":"auto","background-attachment":"scroll","background-type":"","background-media":"","overlay-type":"","overlay-color":"","overlay-opacity":"","overlay-gradient":""},"tablet":{"background-color":"","background-image":"","background-repeat":"repeat","background-position":"center center","background-size":"auto","background-attachment":"scroll","background-type":"","background-media":"","overlay-type":"","overlay-color":"","overlay-opacity":"","overlay-gradient":""},"mobile":{"background-color":"","background-image":"","background-repeat":"repeat","background-position":"center center","background-size":"auto","background-attachment":"scroll","background-type":"","background-media":"","overlay-type":"","overlay-color":"","overlay-opacity":"","overlay-gradient":""}},"ast-content-background-meta":{"desktop":{"background-color":"var(--ast-global-color-5)","background-image":"","background-repeat":"repeat","background-position":"center center","background-size":"auto","background-attachment":"scroll","background-type":"","background-media":"","overlay-type":"","overlay-color":"","overlay-opacity":"","overlay-gradient":""},"tablet":{"background-color":"var(--ast-global-color-5)","background-image":"","background-repeat":"repeat","background-position":"center center","background-size":"auto","background-attachment":"scroll","background-type":"","background-media":"","overlay-type":"","overlay-color":"","overlay-opacity":"","overlay-gradient":""},"mobile":{"background-color":"var(--ast-global-color-5)","background-image":"","background-repeat":"repeat","background-position":"center center","background-size":"auto","background-attachment":"scroll","background-type":"","background-media":"","overlay-type":"","overlay-color":"","overlay-opacity":"","overlay-gradient":""}},"footnotes":""},"class_list":["post-495","page","type-page","status-publish","hentry"],"yoast_head":"<!-- This site is optimized with the Yoast SEO plugin v26.1.1 - https:\/\/yoast.com\/wordpress\/plugins\/seo\/ -->\n<title>Celebra les festes tradicionals amb nosaltres - Forn i Pastisseria Sant Jordi<\/title>\n<meta name=\"robots\" content=\"index, follow, max-snippet:-1, max-image-preview:large, max-video-preview:-1\" \/>\n<link rel=\"canonical\" href=\"https:\/\/fornsantjordi.cat\/es\/celebra-les-festes-tradicionals-amb-nosaltres\/\" \/>\n<meta property=\"og:locale\" content=\"es_ES\" \/>\n<meta property=\"og:type\" content=\"article\" \/>\n<meta property=\"og:title\" content=\"Celebra les festes tradicionals amb nosaltres - Forn i Pastisseria Sant Jordi\" \/>\n<meta property=\"og:description\" content=\"Celebra las Fiestas Tradicionales con nosotros Disfruta de nuestras especialidades para Reyes, San Juan, Casta\u00f1ada, Navidad y otras celebraciones con productos hechos a mano por estas fechas tan especiales. Fiestas y celebraciones En Forn Sant Jordi nos gusta ser parte de tus celebraciones en las fechas m\u00e1s especiales del a\u00f1o. Por festividades como Reyes, San [&hellip;]\" \/>\n<meta property=\"og:url\" content=\"https:\/\/fornsantjordi.cat\/es\/celebra-les-festes-tradicionals-amb-nosaltres\/\" \/>\n<meta property=\"og:site_name\" content=\"Forn i Pastisseria Sant Jordi\" \/>\n<meta property=\"article:modified_time\" content=\"2025-10-23T10:12:07+00:00\" \/>\n<meta name=\"twitter:card\" content=\"summary_large_image\" \/>\n<meta name=\"twitter:label1\" content=\"Tiempo de lectura\" \/>\n\t<meta name=\"twitter:data1\" content=\"2 minutos\" \/>\n<script type=\"application\/ld+json\" class=\"yoast-schema-graph\">{\"@context\":\"https:\/\/schema.org\",\"@graph\":[{\"@type\":\"WebPage\",\"@id\":\"https:\/\/fornsantjordi.cat\/es\/celebra-les-festes-tradicionals-amb-nosaltres\/\",\"url\":\"https:\/\/fornsantjordi.cat\/es\/celebra-les-festes-tradicionals-amb-nosaltres\/\",\"name\":\"Celebra les festes tradicionals amb nosaltres - Forn i Pastisseria Sant Jordi\",\"isPartOf\":{\"@id\":\"https:\/\/fornsantjordi.cat\/#website\"},\"datePublished\":\"2025-10-16T12:53:02+00:00\",\"dateModified\":\"2025-10-23T10:12:07+00:00\",\"breadcrumb\":{\"@id\":\"https:\/\/fornsantjordi.cat\/es\/celebra-les-festes-tradicionals-amb-nosaltres\/#breadcrumb\"},\"inLanguage\":\"es\",\"potentialAction\":[{\"@type\":\"ReadAction\",\"target\":[\"https:\/\/fornsantjordi.cat\/es\/celebra-les-festes-tradicionals-amb-nosaltres\/\"]}]},{\"@type\":\"BreadcrumbList\",\"@id\":\"https:\/\/fornsantjordi.cat\/es\/celebra-les-festes-tradicionals-amb-nosaltres\/#breadcrumb\",\"itemListElement\":[{\"@type\":\"ListItem\",\"position\":1,\"name\":\"Home\",\"item\":\"https:\/\/fornsantjordi.cat\/\"},{\"@type\":\"ListItem\",\"position\":2,\"name\":\"Celebra les festes tradicionals amb nosaltres\"}]},{\"@type\":\"WebSite\",\"@id\":\"https:\/\/fornsantjordi.cat\/#website\",\"url\":\"https:\/\/fornsantjordi.cat\/\",\"name\":\"Forn i Pastisseria Sant Jordi\",\"description\":\"Forn de pa i pastisseria a Girona\",\"publisher\":{\"@id\":\"https:\/\/fornsantjordi.cat\/#organization\"},\"potentialAction\":[{\"@type\":\"SearchAction\",\"target\":{\"@type\":\"EntryPoint\",\"urlTemplate\":\"https:\/\/fornsantjordi.cat\/?s={search_term_string}\"},\"query-input\":{\"@type\":\"PropertyValueSpecification\",\"valueRequired\":true,\"valueName\":\"search_term_string\"}}],\"inLanguage\":\"es\"},{\"@type\":\"Organization\",\"@id\":\"https:\/\/fornsantjordi.cat\/#organization\",\"name\":\"Forn i Pastisseria Sant Jordi\",\"url\":\"https:\/\/fornsantjordi.cat\/\",\"logo\":{\"@type\":\"ImageObject\",\"inLanguage\":\"es\",\"@id\":\"https:\/\/fornsantjordi.cat\/#\/schema\/logo\/image\/\",\"url\":\"https:\/\/fornsantjordi.cat\/wp-content\/uploads\/2025\/10\/logo.png\",\"contentUrl\":\"https:\/\/fornsantjordi.cat\/wp-content\/uploads\/2025\/10\/logo.png\",\"width\":462,\"height\":185,\"caption\":\"Forn i Pastisseria Sant Jordi\"},\"image\":{\"@id\":\"https:\/\/fornsantjordi.cat\/#\/schema\/logo\/image\/\"}}]}<\/script>\n<!-- \/ Yoast SEO plugin. -->","yoast_head_json":{"title":"Celebra les festes tradicionals amb nosaltres - Forn i Pastisseria Sant Jordi","robots":{"index":"index","follow":"follow","max-snippet":"max-snippet:-1","max-image-preview":"max-image-preview:large","max-video-preview":"max-video-preview:-1"},"canonical":"https:\/\/fornsantjordi.cat\/es\/celebra-les-festes-tradicionals-amb-nosaltres\/","og_locale":"es_ES","og_type":"article","og_title":"Celebra les festes tradicionals amb nosaltres - Forn i Pastisseria Sant Jordi","og_description":"Celebra las Fiestas Tradicionales con nosotros Disfruta de nuestras especialidades para Reyes, San Juan, Casta\u00f1ada, Navidad y otras celebraciones con productos hechos a mano por estas fechas tan especiales. Fiestas y celebraciones En Forn Sant Jordi nos gusta ser parte de tus celebraciones en las fechas m\u00e1s especiales del a\u00f1o. Por festividades como Reyes, San [&hellip;]","og_url":"https:\/\/fornsantjordi.cat\/es\/celebra-les-festes-tradicionals-amb-nosaltres\/","og_site_name":"Forn i Pastisseria Sant Jordi","article_modified_time":"2025-10-23T10:12:07+00:00","twitter_card":"summary_large_image","twitter_misc":{"Tiempo de lectura":"2 minutos"},"schema":{"@context":"https:\/\/schema.org","@graph":[{"@type":"WebPage","@id":"https:\/\/fornsantjordi.cat\/es\/celebra-les-festes-tradicionals-amb-nosaltres\/","url":"https:\/\/fornsantjordi.cat\/es\/celebra-les-festes-tradicionals-amb-nosaltres\/","name":"Celebra les festes tradicionals amb nosaltres - Forn i Pastisseria Sant Jordi","isPartOf":{"@id":"https:\/\/fornsantjordi.cat\/#website"},"datePublished":"2025-10-16T12:53:02+00:00","dateModified":"2025-10-23T10:12:07+00:00","breadcrumb":{"@id":"https:\/\/fornsantjordi.cat\/es\/celebra-les-festes-tradicionals-amb-nosaltres\/#breadcrumb"},"inLanguage":"es","potentialAction":[{"@type":"ReadAction","target":["https:\/\/fornsantjordi.cat\/es\/celebra-les-festes-tradicionals-amb-nosaltres\/"]}]},{"@type":"BreadcrumbList","@id":"https:\/\/fornsantjordi.cat\/es\/celebra-les-festes-tradicionals-amb-nosaltres\/#breadcrumb","itemListElement":[{"@type":"ListItem","position":1,"name":"Home","item":"https:\/\/fornsantjordi.cat\/"},{"@type":"ListItem","position":2,"name":"Celebra les festes tradicionals amb nosaltres"}]},{"@type":"WebSite","@id":"https:\/\/fornsantjordi.cat\/#website","url":"https:\/\/fornsantjordi.cat\/","name":"Forn i Pastisseria Sant Jordi","description":"Forn de pa i pastisseria a Girona","publisher":{"@id":"https:\/\/fornsantjordi.cat\/#organization"},"potentialAction":[{"@type":"SearchAction","target":{"@type":"EntryPoint","urlTemplate":"https:\/\/fornsantjordi.cat\/?s={search_term_string}"},"query-input":{"@type":"PropertyValueSpecification","valueRequired":true,"valueName":"search_term_string"}}],"inLanguage":"es"},{"@type":"Organization","@id":"https:\/\/fornsantjordi.cat\/#organization","name":"Forn i Pastisseria Sant Jordi","url":"https:\/\/fornsantjordi.cat\/","logo":{"@type":"ImageObject","inLanguage":"es","@id":"https:\/\/fornsantjordi.cat\/#\/schema\/logo\/image\/","url":"https:\/\/fornsantjordi.cat\/wp-content\/uploads\/2025\/10\/logo.png","contentUrl":"https:\/\/fornsantjordi.cat\/wp-content\/uploads\/2025\/10\/logo.png","width":462,"height":185,"caption":"Forn i Pastisseria Sant Jordi"},"image":{"@id":"https:\/\/fornsantjordi.cat\/#\/schema\/logo\/image\/"}}]}},"_links":{"self":[{"href":"https:\/\/fornsantjordi.cat\/es\/wp-json\/wp\/v2\/pages\/495","targetHints":{"allow":["GET"]}}],"collection":[{"href":"https:\/\/fornsantjordi.cat\/es\/wp-json\/wp\/v2\/pages"}],"about":[{"href":"https:\/\/fornsantjordi.cat\/es\/wp-json\/wp\/v2\/types\/page"}],"author":[{"embeddable":true,"href":"https:\/\/fornsantjordi.cat\/es\/wp-json\/wp\/v2\/users\/1"}],"replies":[{"embeddable":true,"href":"https:\/\/fornsantjordi.cat\/es\/wp-json\/wp\/v2\/comments?post=495"}],"version-history":[{"count":11,"href":"https:\/\/fornsantjordi.cat\/es\/wp-json\/wp\/v2\/pages\/495\/revisions"}],"predecessor-version":[{"id":619,"href":"https:\/\/fornsantjordi.cat\/es\/wp-json\/wp\/v2\/pages\/495\/revisions\/619"}],"wp:attachment":[{"href":"https:\/\/fornsantjordi.cat\/es\/wp-json\/wp\/v2\/media?parent=495"}],"curies":[{"name":"wp","href":"https:\/\/api.w.org\/{rel}","templated":true}]}}