{"id":491,"date":"2025-10-16T12:24:47","date_gmt":"2025-10-16T12:24:47","guid":{"rendered":"https:\/\/fornsantjordi.cat\/brioixeria-dolca-i-salada\/"},"modified":"2025-10-23T10:12:25","modified_gmt":"2025-10-23T10:12:25","slug":"bolleria-dulce-y-salada","status":"publish","type":"page","link":"https:\/\/fornsantjordi.cat\/es\/bolleria-dulce-y-salada\/","title":{"rendered":"Boller\u00eda dulce y salada"},"content":{"rendered":"\t\t<div data-elementor-type=\"wp-page\" data-elementor-id=\"491\" class=\"elementor elementor-491 elementor-385\" data-elementor-post-type=\"page\">\n\t\t\t\t<div class=\"elementor-element elementor-element-76f89b5 e-con-full e-flex e-con e-parent\" data-id=\"76f89b5\" data-element_type=\"container\" data-settings=\"{&quot;background_background&quot;:&quot;classic&quot;}\">\n\t\t<div class=\"elementor-element elementor-element-216dffc e-flex e-con-boxed e-con e-child\" data-id=\"216dffc\" data-element_type=\"container\">\n\t\t\t\t\t<div class=\"e-con-inner\">\n\t\t\t\t<div class=\"elementor-element elementor-element-d2b8fb0 elementor-widget__width-initial animated-slow elementor-invisible elementor-widget elementor-widget-heading\" data-id=\"d2b8fb0\" data-element_type=\"widget\" data-settings=\"{&quot;_animation&quot;:&quot;fadeIn&quot;}\" data-widget_type=\"heading.default\">\n\t\t\t\t<div class=\"elementor-widget-container\">\n\t\t\t\t\t<h1 class=\"elementor-heading-title elementor-size-default\">Boller\u00eda dulce y salada<\/h1>\t\t\t\t<\/div>\n\t\t\t\t<\/div>\n\t\t\t\t\t<\/div>\n\t\t\t\t<\/div>\n\t\t\t\t<\/div>\n\t\t<div class=\"elementor-element elementor-element-39c1ccb e-flex e-con-boxed e-con e-parent\" data-id=\"39c1ccb\" data-element_type=\"container\">\n\t\t\t\t\t<div class=\"e-con-inner\">\n\t\t<div class=\"elementor-element elementor-element-ddd78ca e-con-full e-flex e-con e-child\" data-id=\"ddd78ca\" data-element_type=\"container\">\n\t\t<div class=\"elementor-element elementor-element-740e092 e-con-full e-flex e-con e-child\" data-id=\"740e092\" data-element_type=\"container\">\n\t\t\t\t<div class=\"elementor-element elementor-element-0368395 elementor-widget elementor-widget-heading\" data-id=\"0368395\" data-element_type=\"widget\" data-widget_type=\"heading.default\">\n\t\t\t\t<div class=\"elementor-widget-container\">\n\t\t\t\t\t<h4 class=\"elementor-heading-title elementor-size-default\">Disfruta de nuestra selecci\u00f3n de boller\u00eda fresca, dulce y salada, elaborada con ingredientes de calidad para cada ocasi\u00f3n.\n<\/h4>\t\t\t\t<\/div>\n\t\t\t\t<\/div>\n\t\t\t\t<div class=\"elementor-element elementor-element-443a2e6 elementor-widget elementor-widget-text-editor\" data-id=\"443a2e6\" data-element_type=\"widget\" data-widget_type=\"text-editor.default\">\n\t\t\t\t<div class=\"elementor-widget-container\">\n\t\t\t\t\t\t\t\t\t<div class=\"traductor-textarea form-group\">\n<div class=\"textarea-desti col-xs-12 col-sm-6\">\n<div class=\"form-control second-textarea\">En Forn Sant Jordi te ofrecemos una amplia gama de boller\u00eda dulce y salada, elaborada diariamente con ingredientes frescos y de calidad. Desde los cruasanes y ensaimadas hasta las pastas rellenas y opciones saladas, cada pieza es hecho con cuidado para ofrecerte el m\u00e1ximo sabor y frescura. Ya sea para almorzar, merendar o para acompa\u00f1ar un caf\u00e9, encuentra aqu\u00ed la boller\u00eda perfecta para cada momento. Vis\u00edtanos y descubre nuestra variedad artesanal!<\/div>\n<\/div>\n<\/div>\n<div class=\"traductor-checkbox form-group\">\n<div class=\"row\">\n<div class=\"col-sm-offset-2 col-sm-5\">&nbsp;<\/div>\n<\/div>\n<\/div>\t\t\t\t\t\t\t\t<\/div>\n\t\t\t\t<\/div>\n\t\t\t\t<div class=\"elementor-element elementor-element-74bb317 animated-slow elementor-invisible elementor-widget elementor-widget-button\" data-id=\"74bb317\" data-element_type=\"widget\" data-settings=\"{&quot;_animation&quot;:&quot;fadeIn&quot;,&quot;_animation_delay&quot;:500}\" data-widget_type=\"button.default\">\n\t\t\t\t<div class=\"elementor-widget-container\">\n\t\t\t\t\t\t\t\t\t<div class=\"elementor-button-wrapper\">\n\t\t\t\t\t<a class=\"elementor-button elementor-button-link elementor-size-sm\" href=\"\/es\/contacto\">\n\t\t\t\t\t\t<span class=\"elementor-button-content-wrapper\">\n\t\t\t\t\t\t\t\t\t<span class=\"elementor-button-text\">Contactar<\/span>\n\t\t\t\t\t<\/span>\n\t\t\t\t\t<\/a>\n\t\t\t\t<\/div>\n\t\t\t\t\t\t\t\t<\/div>\n\t\t\t\t<\/div>\n\t\t\t\t<\/div>\n\t\t<div class=\"elementor-element elementor-element-9163a31 e-con-full e-flex e-con e-child\" data-id=\"9163a31\" data-element_type=\"container\" data-settings=\"{&quot;background_background&quot;:&quot;slideshow&quot;,&quot;background_slideshow_gallery&quot;:[{&quot;id&quot;:518,&quot;url&quot;:&quot;https:\\\/\\\/fornsantjordi.cat\\\/wp-content\\\/uploads\\\/2025\\\/10\\\/brioxeria-01.jpg&quot;},{&quot;id&quot;:519,&quot;url&quot;:&quot;https:\\\/\\\/fornsantjordi.cat\\\/wp-content\\\/uploads\\\/2025\\\/10\\\/brioxeria-03.jpg&quot;},{&quot;id&quot;:520,&quot;url&quot;:&quot;https:\\\/\\\/fornsantjordi.cat\\\/wp-content\\\/uploads\\\/2025\\\/10\\\/brioxeria-04.jpg&quot;},{&quot;id&quot;:521,&quot;url&quot;:&quot;https:\\\/\\\/fornsantjordi.cat\\\/wp-content\\\/uploads\\\/2025\\\/10\\\/brioxeria-05.jpg&quot;},{&quot;id&quot;:522,&quot;url&quot;:&quot;https:\\\/\\\/fornsantjordi.cat\\\/wp-content\\\/uploads\\\/2025\\\/10\\\/brioxeria-06.jpg&quot;},{&quot;id&quot;:523,&quot;url&quot;:&quot;https:\\\/\\\/fornsantjordi.cat\\\/wp-content\\\/uploads\\\/2025\\\/10\\\/brioxeria-07.jpg&quot;},{&quot;id&quot;:524,&quot;url&quot;:&quot;https:\\\/\\\/fornsantjordi.cat\\\/wp-content\\\/uploads\\\/2025\\\/10\\\/brioxeria-08.jpg&quot;},{&quot;id&quot;:525,&quot;url&quot;:&quot;https:\\\/\\\/fornsantjordi.cat\\\/wp-content\\\/uploads\\\/2025\\\/10\\\/brioxeria-09.jpg&quot;},{&quot;id&quot;:526,&quot;url&quot;:&quot;https:\\\/\\\/fornsantjordi.cat\\\/wp-content\\\/uploads\\\/2025\\\/10\\\/brioxeria-10.jpg&quot;},{&quot;id&quot;:527,&quot;url&quot;:&quot;https:\\\/\\\/fornsantjordi.cat\\\/wp-content\\\/uploads\\\/2025\\\/10\\\/brioxeria-11.jpg&quot;},{&quot;id&quot;:528,&quot;url&quot;:&quot;https:\\\/\\\/fornsantjordi.cat\\\/wp-content\\\/uploads\\\/2025\\\/10\\\/brioxeria-21.jpg&quot;},{&quot;id&quot;:529,&quot;url&quot;:&quot;https:\\\/\\\/fornsantjordi.cat\\\/wp-content\\\/uploads\\\/2025\\\/10\\\/brioxeria-22.jpg&quot;},{&quot;id&quot;:530,&quot;url&quot;:&quot;https:\\\/\\\/fornsantjordi.cat\\\/wp-content\\\/uploads\\\/2025\\\/10\\\/brioxeria-23.jpg&quot;},{&quot;id&quot;:531,&quot;url&quot;:&quot;https:\\\/\\\/fornsantjordi.cat\\\/wp-content\\\/uploads\\\/2025\\\/10\\\/brioxeria-24.jpg&quot;},{&quot;id&quot;:532,&quot;url&quot;:&quot;https:\\\/\\\/fornsantjordi.cat\\\/wp-content\\\/uploads\\\/2025\\\/10\\\/brioxeria-25.jpg&quot;},{&quot;id&quot;:533,&quot;url&quot;:&quot;https:\\\/\\\/fornsantjordi.cat\\\/wp-content\\\/uploads\\\/2025\\\/10\\\/brioxeria-26.jpg&quot;},{&quot;id&quot;:534,&quot;url&quot;:&quot;https:\\\/\\\/fornsantjordi.cat\\\/wp-content\\\/uploads\\\/2025\\\/10\\\/brioxeria-27.jpg&quot;},{&quot;id&quot;:535,&quot;url&quot;:&quot;https:\\\/\\\/fornsantjordi.cat\\\/wp-content\\\/uploads\\\/2025\\\/10\\\/brioxeria-29.jpg&quot;},{&quot;id&quot;:536,&quot;url&quot;:&quot;https:\\\/\\\/fornsantjordi.cat\\\/wp-content\\\/uploads\\\/2025\\\/10\\\/brioxeria-31-1.jpg&quot;},{&quot;id&quot;:537,&quot;url&quot;:&quot;https:\\\/\\\/fornsantjordi.cat\\\/wp-content\\\/uploads\\\/2025\\\/10\\\/brioxeria-32-1.jpg&quot;},{&quot;id&quot;:538,&quot;url&quot;:&quot;https:\\\/\\\/fornsantjordi.cat\\\/wp-content\\\/uploads\\\/2025\\\/10\\\/brioxeria-33.jpg&quot;},{&quot;id&quot;:539,&quot;url&quot;:&quot;https:\\\/\\\/fornsantjordi.cat\\\/wp-content\\\/uploads\\\/2025\\\/10\\\/brioxeria-37.jpg&quot;}],&quot;background_slideshow_loop&quot;:&quot;yes&quot;,&quot;background_slideshow_slide_duration&quot;:5000,&quot;background_slideshow_slide_transition&quot;:&quot;fade&quot;,&quot;background_slideshow_transition_duration&quot;:500}\">\n\t\t\t\t<\/div>\n\t\t\t\t<\/div>\n\t\t\t\t\t<\/div>\n\t\t\t\t<\/div>\n\t\t\t\t<\/div>\n\t\t","protected":false},"excerpt":{"rendered":"<p>Boller\u00eda dulce y salada Disfruta de nuestra selecci\u00f3n de boller\u00eda fresca, dulce y salada, elaborada con ingredientes de calidad para cada ocasi\u00f3n. En Forn Sant Jordi te ofrecemos una amplia gama de boller\u00eda dulce y salada, elaborada diariamente con ingredientes frescos y de calidad. Desde los cruasanes y ensaimadas hasta las pastas rellenas y opciones [&hellip;]<\/p>\n","protected":false},"author":1,"featured_media":0,"parent":0,"menu_order":0,"comment_status":"closed","ping_status":"closed","template":"","meta":{"site-sidebar-layout":"no-sidebar","site-content-layout":"page-builder","ast-site-content-layout":"full-width-container","site-content-style":"default","site-sidebar-style":"default","ast-global-header-display":"","ast-banner-title-visibility":"","ast-main-header-display":"","ast-hfb-above-header-display":"","ast-hfb-below-header-display":"","ast-hfb-mobile-header-display":"","site-post-title":"disabled","ast-breadcrumbs-content":"","ast-featured-img":"disabled","footer-sml-layout":"","theme-transparent-header-meta":"","adv-header-id-meta":"","stick-header-meta":"","header-above-stick-meta":"","header-main-stick-meta":"","header-below-stick-meta":"","astra-migrate-meta-layouts":"default","ast-page-background-enabled":"default","ast-page-background-meta":{"desktop":{"background-color":"var(--ast-global-color-4)","background-image":"","background-repeat":"repeat","background-position":"center center","background-size":"auto","background-attachment":"scroll","background-type":"","background-media":"","overlay-type":"","overlay-color":"","overlay-opacity":"","overlay-gradient":""},"tablet":{"background-color":"","background-image":"","background-repeat":"repeat","background-position":"center center","background-size":"auto","background-attachment":"scroll","background-type":"","background-media":"","overlay-type":"","overlay-color":"","overlay-opacity":"","overlay-gradient":""},"mobile":{"background-color":"","background-image":"","background-repeat":"repeat","background-position":"center center","background-size":"auto","background-attachment":"scroll","background-type":"","background-media":"","overlay-type":"","overlay-color":"","overlay-opacity":"","overlay-gradient":""}},"ast-content-background-meta":{"desktop":{"background-color":"var(--ast-global-color-5)","background-image":"","background-repeat":"repeat","background-position":"center center","background-size":"auto","background-attachment":"scroll","background-type":"","background-media":"","overlay-type":"","overlay-color":"","overlay-opacity":"","overlay-gradient":""},"tablet":{"background-color":"var(--ast-global-color-5)","background-image":"","background-repeat":"repeat","background-position":"center center","background-size":"auto","background-attachment":"scroll","background-type":"","background-media":"","overlay-type":"","overlay-color":"","overlay-opacity":"","overlay-gradient":""},"mobile":{"background-color":"var(--ast-global-color-5)","background-image":"","background-repeat":"repeat","background-position":"center center","background-size":"auto","background-attachment":"scroll","background-type":"","background-media":"","overlay-type":"","overlay-color":"","overlay-opacity":"","overlay-gradient":""}},"footnotes":""},"class_list":["post-491","page","type-page","status-publish","hentry"],"yoast_head":"<!-- This site is optimized with the Yoast SEO plugin v26.1.1 - https:\/\/yoast.com\/wordpress\/plugins\/seo\/ -->\n<title>Boller\u00eda dulce y salada - Forn i Pastisseria Sant Jordi<\/title>\n<meta name=\"robots\" content=\"index, follow, max-snippet:-1, max-image-preview:large, max-video-preview:-1\" \/>\n<link rel=\"canonical\" href=\"https:\/\/fornsantjordi.cat\/es\/bolleria-dulce-y-salada\/\" \/>\n<meta property=\"og:locale\" content=\"es_ES\" \/>\n<meta property=\"og:type\" content=\"article\" \/>\n<meta property=\"og:title\" content=\"Boller\u00eda dulce y salada - Forn i Pastisseria Sant Jordi\" \/>\n<meta property=\"og:description\" content=\"Boller\u00eda dulce y salada Disfruta de nuestra selecci\u00f3n de boller\u00eda fresca, dulce y salada, elaborada con ingredientes de calidad para cada ocasi\u00f3n. En Forn Sant Jordi te ofrecemos una amplia gama de boller\u00eda dulce y salada, elaborada diariamente con ingredientes frescos y de calidad. Desde los cruasanes y ensaimadas hasta las pastas rellenas y opciones [&hellip;]\" \/>\n<meta property=\"og:url\" content=\"https:\/\/fornsantjordi.cat\/es\/bolleria-dulce-y-salada\/\" \/>\n<meta property=\"og:site_name\" content=\"Forn i Pastisseria Sant Jordi\" \/>\n<meta property=\"article:modified_time\" content=\"2025-10-23T10:12:25+00:00\" \/>\n<meta name=\"twitter:card\" content=\"summary_large_image\" \/>\n<meta name=\"twitter:label1\" content=\"Tiempo de lectura\" \/>\n\t<meta name=\"twitter:data1\" content=\"1 minuto\" \/>\n<script type=\"application\/ld+json\" class=\"yoast-schema-graph\">{\"@context\":\"https:\/\/schema.org\",\"@graph\":[{\"@type\":\"WebPage\",\"@id\":\"https:\/\/fornsantjordi.cat\/es\/bolleria-dulce-y-salada\/\",\"url\":\"https:\/\/fornsantjordi.cat\/es\/bolleria-dulce-y-salada\/\",\"name\":\"Boller\u00eda dulce y salada - Forn i Pastisseria Sant Jordi\",\"isPartOf\":{\"@id\":\"https:\/\/fornsantjordi.cat\/#website\"},\"datePublished\":\"2025-10-16T12:24:47+00:00\",\"dateModified\":\"2025-10-23T10:12:25+00:00\",\"breadcrumb\":{\"@id\":\"https:\/\/fornsantjordi.cat\/es\/bolleria-dulce-y-salada\/#breadcrumb\"},\"inLanguage\":\"es\",\"potentialAction\":[{\"@type\":\"ReadAction\",\"target\":[\"https:\/\/fornsantjordi.cat\/es\/bolleria-dulce-y-salada\/\"]}]},{\"@type\":\"BreadcrumbList\",\"@id\":\"https:\/\/fornsantjordi.cat\/es\/bolleria-dulce-y-salada\/#breadcrumb\",\"itemListElement\":[{\"@type\":\"ListItem\",\"position\":1,\"name\":\"Home\",\"item\":\"https:\/\/fornsantjordi.cat\/\"},{\"@type\":\"ListItem\",\"position\":2,\"name\":\"Boller\u00eda dulce y salada\"}]},{\"@type\":\"WebSite\",\"@id\":\"https:\/\/fornsantjordi.cat\/#website\",\"url\":\"https:\/\/fornsantjordi.cat\/\",\"name\":\"Forn i Pastisseria Sant Jordi\",\"description\":\"Forn de pa i pastisseria a Girona\",\"publisher\":{\"@id\":\"https:\/\/fornsantjordi.cat\/#organization\"},\"potentialAction\":[{\"@type\":\"SearchAction\",\"target\":{\"@type\":\"EntryPoint\",\"urlTemplate\":\"https:\/\/fornsantjordi.cat\/?s={search_term_string}\"},\"query-input\":{\"@type\":\"PropertyValueSpecification\",\"valueRequired\":true,\"valueName\":\"search_term_string\"}}],\"inLanguage\":\"es\"},{\"@type\":\"Organization\",\"@id\":\"https:\/\/fornsantjordi.cat\/#organization\",\"name\":\"Forn i Pastisseria Sant Jordi\",\"url\":\"https:\/\/fornsantjordi.cat\/\",\"logo\":{\"@type\":\"ImageObject\",\"inLanguage\":\"es\",\"@id\":\"https:\/\/fornsantjordi.cat\/#\/schema\/logo\/image\/\",\"url\":\"https:\/\/fornsantjordi.cat\/wp-content\/uploads\/2025\/10\/logo.png\",\"contentUrl\":\"https:\/\/fornsantjordi.cat\/wp-content\/uploads\/2025\/10\/logo.png\",\"width\":462,\"height\":185,\"caption\":\"Forn i Pastisseria Sant Jordi\"},\"image\":{\"@id\":\"https:\/\/fornsantjordi.cat\/#\/schema\/logo\/image\/\"}}]}<\/script>\n<!-- \/ Yoast SEO plugin. -->","yoast_head_json":{"title":"Boller\u00eda dulce y salada - Forn i Pastisseria Sant Jordi","robots":{"index":"index","follow":"follow","max-snippet":"max-snippet:-1","max-image-preview":"max-image-preview:large","max-video-preview":"max-video-preview:-1"},"canonical":"https:\/\/fornsantjordi.cat\/es\/bolleria-dulce-y-salada\/","og_locale":"es_ES","og_type":"article","og_title":"Boller\u00eda dulce y salada - Forn i Pastisseria Sant Jordi","og_description":"Boller\u00eda dulce y salada Disfruta de nuestra selecci\u00f3n de boller\u00eda fresca, dulce y salada, elaborada con ingredientes de calidad para cada ocasi\u00f3n. En Forn Sant Jordi te ofrecemos una amplia gama de boller\u00eda dulce y salada, elaborada diariamente con ingredientes frescos y de calidad. Desde los cruasanes y ensaimadas hasta las pastas rellenas y opciones [&hellip;]","og_url":"https:\/\/fornsantjordi.cat\/es\/bolleria-dulce-y-salada\/","og_site_name":"Forn i Pastisseria Sant Jordi","article_modified_time":"2025-10-23T10:12:25+00:00","twitter_card":"summary_large_image","twitter_misc":{"Tiempo de lectura":"1 minuto"},"schema":{"@context":"https:\/\/schema.org","@graph":[{"@type":"WebPage","@id":"https:\/\/fornsantjordi.cat\/es\/bolleria-dulce-y-salada\/","url":"https:\/\/fornsantjordi.cat\/es\/bolleria-dulce-y-salada\/","name":"Boller\u00eda dulce y salada - Forn i Pastisseria Sant Jordi","isPartOf":{"@id":"https:\/\/fornsantjordi.cat\/#website"},"datePublished":"2025-10-16T12:24:47+00:00","dateModified":"2025-10-23T10:12:25+00:00","breadcrumb":{"@id":"https:\/\/fornsantjordi.cat\/es\/bolleria-dulce-y-salada\/#breadcrumb"},"inLanguage":"es","potentialAction":[{"@type":"ReadAction","target":["https:\/\/fornsantjordi.cat\/es\/bolleria-dulce-y-salada\/"]}]},{"@type":"BreadcrumbList","@id":"https:\/\/fornsantjordi.cat\/es\/bolleria-dulce-y-salada\/#breadcrumb","itemListElement":[{"@type":"ListItem","position":1,"name":"Home","item":"https:\/\/fornsantjordi.cat\/"},{"@type":"ListItem","position":2,"name":"Boller\u00eda dulce y salada"}]},{"@type":"WebSite","@id":"https:\/\/fornsantjordi.cat\/#website","url":"https:\/\/fornsantjordi.cat\/","name":"Forn i Pastisseria Sant Jordi","description":"Forn de pa i pastisseria a Girona","publisher":{"@id":"https:\/\/fornsantjordi.cat\/#organization"},"potentialAction":[{"@type":"SearchAction","target":{"@type":"EntryPoint","urlTemplate":"https:\/\/fornsantjordi.cat\/?s={search_term_string}"},"query-input":{"@type":"PropertyValueSpecification","valueRequired":true,"valueName":"search_term_string"}}],"inLanguage":"es"},{"@type":"Organization","@id":"https:\/\/fornsantjordi.cat\/#organization","name":"Forn i Pastisseria Sant Jordi","url":"https:\/\/fornsantjordi.cat\/","logo":{"@type":"ImageObject","inLanguage":"es","@id":"https:\/\/fornsantjordi.cat\/#\/schema\/logo\/image\/","url":"https:\/\/fornsantjordi.cat\/wp-content\/uploads\/2025\/10\/logo.png","contentUrl":"https:\/\/fornsantjordi.cat\/wp-content\/uploads\/2025\/10\/logo.png","width":462,"height":185,"caption":"Forn i Pastisseria Sant Jordi"},"image":{"@id":"https:\/\/fornsantjordi.cat\/#\/schema\/logo\/image\/"}}]}},"_links":{"self":[{"href":"https:\/\/fornsantjordi.cat\/es\/wp-json\/wp\/v2\/pages\/491","targetHints":{"allow":["GET"]}}],"collection":[{"href":"https:\/\/fornsantjordi.cat\/es\/wp-json\/wp\/v2\/pages"}],"about":[{"href":"https:\/\/fornsantjordi.cat\/es\/wp-json\/wp\/v2\/types\/page"}],"author":[{"embeddable":true,"href":"https:\/\/fornsantjordi.cat\/es\/wp-json\/wp\/v2\/users\/1"}],"replies":[{"embeddable":true,"href":"https:\/\/fornsantjordi.cat\/es\/wp-json\/wp\/v2\/comments?post=491"}],"version-history":[{"count":10,"href":"https:\/\/fornsantjordi.cat\/es\/wp-json\/wp\/v2\/pages\/491\/revisions"}],"predecessor-version":[{"id":625,"href":"https:\/\/fornsantjordi.cat\/es\/wp-json\/wp\/v2\/pages\/491\/revisions\/625"}],"wp:attachment":[{"href":"https:\/\/fornsantjordi.cat\/es\/wp-json\/wp\/v2\/media?parent=491"}],"curies":[{"name":"wp","href":"https:\/\/api.w.org\/{rel}","templated":true}]}}